{"id":547,"date":"2020-12-11T16:35:34","date_gmt":"2020-12-11T14:35:34","guid":{"rendered":"https:\/\/mixflora.lt\/?post_type=product&#038;p=547"},"modified":"2025-01-17T16:08:23","modified_gmt":"2025-01-17T14:08:23","slug":"geltono-atspalvio-rozes","status":"publish","type":"product","link":"https:\/\/mixflora.lt\/en\/produktas\/geltono-atspalvio-rozes\/","title":{"rendered":"Geltono atspalvio ro\u017e\u0117s"},"content":{"rendered":"<p>[et_pb_section fb_built=&#8221;1&#8243; _builder_version=&#8221;4.16&#8243; custom_padding=&#8221;0px||||false|false&#8221; global_colors_info=&#8221;{}&#8221;][et_pb_row _builder_version=&#8221;4.16&#8243; background_size=&#8221;initial&#8221; background_position=&#8221;top_left&#8221; background_repeat=&#8221;repeat&#8221; width=&#8221;100%&#8221; custom_padding=&#8221;0px||0px||false|false&#8221; global_colors_info=&#8221;{}&#8221;][et_pb_column type=&#8221;4_4&#8243; _builder_version=&#8221;4.16&#8243; custom_padding=&#8221;|||&#8221; global_colors_info=&#8221;{}&#8221; custom_padding__hover=&#8221;|||&#8221;][et_pb_wc_breadcrumb _builder_version=&#8221;4.16&#8243; global_colors_info=&#8221;{}&#8221;][\/et_pb_wc_breadcrumb][et_pb_wc_cart_notice _builder_version=&#8221;4.16&#8243; global_colors_info=&#8221;{}&#8221;][\/et_pb_wc_cart_notice][\/et_pb_column][\/et_pb_row][et_pb_row column_structure=&#8221;1_2,1_2&#8243; _builder_version=&#8221;4.16&#8243; background_size=&#8221;initial&#8221; background_position=&#8221;top_left&#8221; background_repeat=&#8221;repeat&#8221; width=&#8221;100%&#8221; custom_padding=&#8221;0px||||false|false&#8221; global_colors_info=&#8221;{}&#8221;][et_pb_column type=&#8221;1_2&#8243; _builder_version=&#8221;4.16&#8243; custom_padding=&#8221;|||&#8221; global_colors_info=&#8221;{}&#8221; custom_padding__hover=&#8221;|||&#8221;][et_pb_wc_images _builder_version=&#8221;4.16&#8243; global_colors_info=&#8221;{}&#8221;][\/et_pb_wc_images][\/et_pb_column][et_pb_column type=&#8221;1_2&#8243; _builder_version=&#8221;4.16&#8243; custom_padding=&#8221;|||&#8221; global_colors_info=&#8221;{}&#8221; custom_padding__hover=&#8221;|||&#8221;][et_pb_wc_title _builder_version=&#8221;4.16&#8243; custom_margin=&#8221;||10px||false|false&#8221; custom_padding=&#8221;||0px||false|false&#8221; global_colors_info=&#8221;{}&#8221;][\/et_pb_wc_title][et_pb_wc_meta show_categories=&#8221;off&#8221; show_tags=&#8221;off&#8221; meta_layout=&#8221;stacked&#8221; _builder_version=&#8221;4.16&#8243; background_enable_color=&#8221;off&#8221; use_background_color_gradient=&#8221;on&#8221; background_color_gradient_direction=&#8221;90deg&#8221; background_color_gradient_stops=&#8221;#f1f3f7 0%|rgba(241,243,247,0) 100%&#8221; background_color_gradient_start=&#8221;#f1f3f7&#8243; background_color_gradient_end=&#8221;rgba(241,243,247,0)&#8221; custom_margin=&#8221;||||false|false&#8221; custom_padding=&#8221;|20px|8px|20px|false|true&#8221; border_width_top=&#8221;1px&#8221; border_color_top=&#8221;#ffffff&#8221; border_width_bottom=&#8221;1px&#8221; border_color_bottom=&#8221;#ffffff&#8221; global_colors_info=&#8221;{}&#8221;][\/et_pb_wc_meta][et_pb_wc_price _builder_version=&#8221;4.16&#8243; global_colors_info=&#8221;{}&#8221;][\/et_pb_wc_price][et_pb_text admin_label=&#8221;Koteli\u0173 dydis&#8221; _builder_version=&#8221;4.7.7&#8243; _module_preset=&#8221;default&#8221; global_module=&#8221;897&#8243; saved_tabs=&#8221;all&#8221; global_colors_info=&#8221;{}&#8221;]<\/p>\n<p><em>Kotelio dydis &#8211; 50-60 cm &#8211; vidutinio dyd\u017eio g\u0117l\u0117.<\/em><br \/><em> Kotelio dydis &#8211; 70-80 cm &#8211; auk\u0161ta g\u0117l\u0117.<\/em><\/p>\n<p>[\/et_pb_text][et_pb_wc_add_to_cart _builder_version=&#8221;4.16&#8243; global_colors_info=&#8221;{}&#8221;][\/et_pb_wc_add_to_cart][et_pb_text admin_label=&#8221;Min. kiekis&#8221; _builder_version=&#8221;4.25.0&#8243; _module_preset=&#8221;default&#8221; global_module=&#8221;898&#8243; saved_tabs=&#8221;all&#8221; global_colors_info=&#8221;{}&#8221;]<\/p>\n<p><em>Minimalus kiekis &#8211; 11 vnt.<\/em><\/p>\n<p>[\/et_pb_text][et_pb_wc_description _builder_version=&#8221;4.16&#8243; custom_padding=&#8221;20px||||false|false&#8221; border_width_top=&#8221;1px&#8221; border_color_top=&#8221;#e5e5e5&#8243; global_colors_info=&#8221;{}&#8221;][\/et_pb_wc_description][\/et_pb_column][\/et_pb_row][et_pb_row _builder_version=&#8221;4.16&#8243; _module_preset=&#8221;default&#8221; width=&#8221;100%&#8221; global_colors_info=&#8221;{}&#8221;][et_pb_column type=&#8221;4_4&#8243; _builder_version=&#8221;4.16&#8243; _module_preset=&#8221;default&#8221; global_colors_info=&#8221;{}&#8221;][et_pb_text _builder_version=&#8221;4.16&#8243; _module_preset=&#8221;default&#8221; global_colors_info=&#8221;{}&#8221;]<\/p>\n<h3>Papildomos prek\u0117s<\/h3>\n<p>[\/et_pb_text][et_pb_shop type=&#8221;product_category&#8221; posts_number=&#8221;8&#8243; include_categories=&#8221;56&#8243; columns_number=&#8221;4&#8243; _builder_version=&#8221;4.16&#8243; _module_preset=&#8221;default&#8221; global_colors_info=&#8221;{}&#8221;][\/et_pb_shop][\/et_pb_column][\/et_pb_row][\/et_pb_section]<\/p>\n","protected":false},"excerpt":{"rendered":"<p>Ry\u0161kiaspalvi\u0173 gelton\u0173j\u0173 ro\u017ei\u0173 puok\u0161t\u0117 nustebins kiekvien\u0105 ir privers \u0161ypsotis vis\u0105 dien\u0105. Jeigu siekiate padaryti maloni\u0105 staigmen\u0105 brangiam \u017emogui, tai tam puikiai tiks ry\u0161kios ir d\u017eiugios spalvos ro\u017ei\u0173 puok\u0161t\u0117 pristatyta \u012f namus ar biur\u0105.<\/p>\n","protected":false},"featured_media":3314,"template":"","meta":{"_et_pb_use_builder":"on","_et_pb_old_content":"","_et_gb_content_width":""},"product_brand":[],"product_cat":[30],"product_tag":[],"class_list":{"0":"post-547","1":"product","2":"type-product","3":"status-publish","4":"has-post-thumbnail","6":"product_cat-rozes","8":"first","9":"instock","10":"taxable","11":"shipping-taxable","12":"purchasable","13":"product-type-variable"},"yoast_head":"<!-- This site is optimized with the Yoast SEO plugin v27.4 - https:\/\/yoast.com\/product\/yoast-seo-wordpress\/ -->\n<title>Geltono atspalvio ro\u017e\u0117s | G\u0117li\u0173 pristatymas \u0160iauliuose - mixflora.lt<\/title>\n<meta name=\"description\" content=\"Geltono atspalvio ro\u017e\u0117s. Didelis preki\u0173 asortimentas ir greitas pristatymas. U\u017esisakyk internetu www.mixflora.lt.\" \/>\n<meta name=\"robots\" content=\"index, follow, max-snippet:-1, max-image-preview:large, max-video-preview:-1\" \/>\n<link rel=\"canonical\" href=\"https:\/\/mixflora.lt\/produktas\/geltono-atspalvio-rozes\/\" \/>\n<meta property=\"og:locale\" content=\"en_US\" \/>\n<meta property=\"og:type\" content=\"article\" \/>\n<meta property=\"og:title\" content=\"Geltono atspalvio ro\u017e\u0117s | G\u0117li\u0173 pristatymas \u0160iauliuose - mixflora.lt\" \/>\n<meta property=\"og:description\" content=\"Geltono atspalvio ro\u017e\u0117s. Didelis preki\u0173 asortimentas ir greitas pristatymas. U\u017esisakyk internetu www.mixflora.lt.\" \/>\n<meta property=\"og:url\" content=\"https:\/\/mixflora.lt\/produktas\/geltono-atspalvio-rozes\/\" \/>\n<meta property=\"og:site_name\" content=\"mixflora.lt\" \/>\n<meta property=\"article:modified_time\" content=\"2025-01-17T14:08:23+00:00\" \/>\n<meta property=\"og:image\" content=\"https:\/\/mixflora.lt\/wp-content\/uploads\/geltonu-roziu-puokste.jpg\" \/>\n\t<meta property=\"og:image:width\" content=\"500\" \/>\n\t<meta property=\"og:image:height\" content=\"600\" \/>\n\t<meta property=\"og:image:type\" content=\"image\/jpeg\" \/>\n<meta name=\"twitter:card\" content=\"summary_large_image\" \/>\n<meta name=\"twitter:label1\" content=\"Est. reading time\" \/>\n\t<meta name=\"twitter:data1\" content=\"4 minutes\" \/>\n<script type=\"application\/ld+json\" class=\"yoast-schema-graph\">{\"@context\":\"https:\\\/\\\/schema.org\",\"@graph\":[{\"@type\":\"WebPage\",\"@id\":\"https:\\\/\\\/mixflora.lt\\\/produktas\\\/geltono-atspalvio-rozes\\\/\",\"url\":\"https:\\\/\\\/mixflora.lt\\\/produktas\\\/geltono-atspalvio-rozes\\\/\",\"name\":\"Geltono atspalvio ro\u017e\u0117s | G\u0117li\u0173 pristatymas \u0160iauliuose - mixflora.lt\",\"isPartOf\":{\"@id\":\"https:\\\/\\\/mixflora.lt\\\/#website\"},\"primaryImageOfPage\":{\"@id\":\"https:\\\/\\\/mixflora.lt\\\/produktas\\\/geltono-atspalvio-rozes\\\/#primaryimage\"},\"image\":{\"@id\":\"https:\\\/\\\/mixflora.lt\\\/produktas\\\/geltono-atspalvio-rozes\\\/#primaryimage\"},\"thumbnailUrl\":\"https:\\\/\\\/mixflora.lt\\\/wp-content\\\/uploads\\\/geltonu-roziu-puokste.jpg\",\"datePublished\":\"2020-12-11T14:35:34+00:00\",\"dateModified\":\"2025-01-17T14:08:23+00:00\",\"description\":\"Geltono atspalvio ro\u017e\u0117s. Didelis preki\u0173 asortimentas ir greitas pristatymas. U\u017esisakyk internetu www.mixflora.lt.\",\"breadcrumb\":{\"@id\":\"https:\\\/\\\/mixflora.lt\\\/produktas\\\/geltono-atspalvio-rozes\\\/#breadcrumb\"},\"inLanguage\":\"en-US\",\"potentialAction\":[{\"@type\":\"ReadAction\",\"target\":[\"https:\\\/\\\/mixflora.lt\\\/produktas\\\/geltono-atspalvio-rozes\\\/\"]}]},{\"@type\":\"ImageObject\",\"inLanguage\":\"en-US\",\"@id\":\"https:\\\/\\\/mixflora.lt\\\/produktas\\\/geltono-atspalvio-rozes\\\/#primaryimage\",\"url\":\"https:\\\/\\\/mixflora.lt\\\/wp-content\\\/uploads\\\/geltonu-roziu-puokste.jpg\",\"contentUrl\":\"https:\\\/\\\/mixflora.lt\\\/wp-content\\\/uploads\\\/geltonu-roziu-puokste.jpg\",\"width\":500,\"height\":600},{\"@type\":\"BreadcrumbList\",\"@id\":\"https:\\\/\\\/mixflora.lt\\\/produktas\\\/geltono-atspalvio-rozes\\\/#breadcrumb\",\"itemListElement\":[{\"@type\":\"ListItem\",\"position\":1,\"name\":\"Home\",\"item\":\"https:\\\/\\\/mixflora.lt\\\/\"},{\"@type\":\"ListItem\",\"position\":2,\"name\":\"Parduotuv\u0117\",\"item\":\"https:\\\/\\\/mixflora.lt\\\/parduotuve\\\/\"},{\"@type\":\"ListItem\",\"position\":3,\"name\":\"Geltono atspalvio ro\u017e\u0117s\"}]},{\"@type\":\"WebSite\",\"@id\":\"https:\\\/\\\/mixflora.lt\\\/#website\",\"url\":\"https:\\\/\\\/mixflora.lt\\\/\",\"name\":\"mixflora.lt\",\"description\":\"Mix Flora\",\"potentialAction\":[{\"@type\":\"SearchAction\",\"target\":{\"@type\":\"EntryPoint\",\"urlTemplate\":\"https:\\\/\\\/mixflora.lt\\\/?s={search_term_string}\"},\"query-input\":{\"@type\":\"PropertyValueSpecification\",\"valueRequired\":true,\"valueName\":\"search_term_string\"}}],\"inLanguage\":\"en-US\"}]}<\/script>\n<!-- \/ Yoast SEO plugin. -->","yoast_head_json":{"title":"Geltono atspalvio ro\u017e\u0117s | G\u0117li\u0173 pristatymas \u0160iauliuose - mixflora.lt","description":"Geltono atspalvio ro\u017e\u0117s. Didelis preki\u0173 asortimentas ir greitas pristatymas. U\u017esisakyk internetu www.mixflora.lt.","robots":{"index":"index","follow":"follow","max-snippet":"max-snippet:-1","max-image-preview":"max-image-preview:large","max-video-preview":"max-video-preview:-1"},"canonical":"https:\/\/mixflora.lt\/produktas\/geltono-atspalvio-rozes\/","og_locale":"en_US","og_type":"article","og_title":"Geltono atspalvio ro\u017e\u0117s | G\u0117li\u0173 pristatymas \u0160iauliuose - mixflora.lt","og_description":"Geltono atspalvio ro\u017e\u0117s. Didelis preki\u0173 asortimentas ir greitas pristatymas. U\u017esisakyk internetu www.mixflora.lt.","og_url":"https:\/\/mixflora.lt\/produktas\/geltono-atspalvio-rozes\/","og_site_name":"mixflora.lt","article_modified_time":"2025-01-17T14:08:23+00:00","og_image":[{"width":500,"height":600,"url":"https:\/\/mixflora.lt\/wp-content\/uploads\/geltonu-roziu-puokste.jpg","type":"image\/jpeg"}],"twitter_card":"summary_large_image","twitter_misc":{"Est. reading time":"4 minutes"},"schema":{"@context":"https:\/\/schema.org","@graph":[{"@type":"WebPage","@id":"https:\/\/mixflora.lt\/produktas\/geltono-atspalvio-rozes\/","url":"https:\/\/mixflora.lt\/produktas\/geltono-atspalvio-rozes\/","name":"Geltono atspalvio ro\u017e\u0117s | G\u0117li\u0173 pristatymas \u0160iauliuose - mixflora.lt","isPartOf":{"@id":"https:\/\/mixflora.lt\/#website"},"primaryImageOfPage":{"@id":"https:\/\/mixflora.lt\/produktas\/geltono-atspalvio-rozes\/#primaryimage"},"image":{"@id":"https:\/\/mixflora.lt\/produktas\/geltono-atspalvio-rozes\/#primaryimage"},"thumbnailUrl":"https:\/\/mixflora.lt\/wp-content\/uploads\/geltonu-roziu-puokste.jpg","datePublished":"2020-12-11T14:35:34+00:00","dateModified":"2025-01-17T14:08:23+00:00","description":"Geltono atspalvio ro\u017e\u0117s. Didelis preki\u0173 asortimentas ir greitas pristatymas. U\u017esisakyk internetu www.mixflora.lt.","breadcrumb":{"@id":"https:\/\/mixflora.lt\/produktas\/geltono-atspalvio-rozes\/#breadcrumb"},"inLanguage":"en-US","potentialAction":[{"@type":"ReadAction","target":["https:\/\/mixflora.lt\/produktas\/geltono-atspalvio-rozes\/"]}]},{"@type":"ImageObject","inLanguage":"en-US","@id":"https:\/\/mixflora.lt\/produktas\/geltono-atspalvio-rozes\/#primaryimage","url":"https:\/\/mixflora.lt\/wp-content\/uploads\/geltonu-roziu-puokste.jpg","contentUrl":"https:\/\/mixflora.lt\/wp-content\/uploads\/geltonu-roziu-puokste.jpg","width":500,"height":600},{"@type":"BreadcrumbList","@id":"https:\/\/mixflora.lt\/produktas\/geltono-atspalvio-rozes\/#breadcrumb","itemListElement":[{"@type":"ListItem","position":1,"name":"Home","item":"https:\/\/mixflora.lt\/"},{"@type":"ListItem","position":2,"name":"Parduotuv\u0117","item":"https:\/\/mixflora.lt\/parduotuve\/"},{"@type":"ListItem","position":3,"name":"Geltono atspalvio ro\u017e\u0117s"}]},{"@type":"WebSite","@id":"https:\/\/mixflora.lt\/#website","url":"https:\/\/mixflora.lt\/","name":"mixflora.lt","description":"Mix Flora","potentialAction":[{"@type":"SearchAction","target":{"@type":"EntryPoint","urlTemplate":"https:\/\/mixflora.lt\/?s={search_term_string}"},"query-input":{"@type":"PropertyValueSpecification","valueRequired":true,"valueName":"search_term_string"}}],"inLanguage":"en-US"}]}},"_links":{"self":[{"href":"https:\/\/mixflora.lt\/en\/wp-json\/wp\/v2\/product\/547","targetHints":{"allow":["GET"]}}],"collection":[{"href":"https:\/\/mixflora.lt\/en\/wp-json\/wp\/v2\/product"}],"about":[{"href":"https:\/\/mixflora.lt\/en\/wp-json\/wp\/v2\/types\/product"}],"wp:featuredmedia":[{"embeddable":true,"href":"https:\/\/mixflora.lt\/en\/wp-json\/wp\/v2\/media\/3314"}],"wp:attachment":[{"href":"https:\/\/mixflora.lt\/en\/wp-json\/wp\/v2\/media?parent=547"}],"wp:term":[{"taxonomy":"product_brand","embeddable":true,"href":"https:\/\/mixflora.lt\/en\/wp-json\/wp\/v2\/product_brand?post=547"},{"taxonomy":"product_cat","embeddable":true,"href":"https:\/\/mixflora.lt\/en\/wp-json\/wp\/v2\/product_cat?post=547"},{"taxonomy":"product_tag","embeddable":true,"href":"https:\/\/mixflora.lt\/en\/wp-json\/wp\/v2\/product_tag?post=547"}],"curies":[{"name":"wp","href":"https:\/\/api.w.org\/{rel}","templated":true}]}}