{"id":4127,"date":"2025-11-18T17:28:38","date_gmt":"2025-11-18T15:28:38","guid":{"rendered":"https:\/\/mixflora.lt\/?post_type=product&#038;p=4127"},"modified":"2025-12-23T13:59:05","modified_gmt":"2025-12-23T11:59:05","slug":"sokoladiniu-saldainiu-rinkinys-skoniu-legendos-nuo-1913","status":"publish","type":"product","link":"https:\/\/mixflora.lt\/en\/produktas\/sokoladiniu-saldainiu-rinkinys-skoniu-legendos-nuo-1913\/","title":{"rendered":"\u0160okoladini\u0173 saldaini\u0173 rinkinys \u201eSkoni\u0173 legendos nuo 1913\u201c"},"content":{"rendered":"<p>Subtilios elegancijos d\u0117\u017eut\u0117je, dekoruotoje aukso spalvos elementais ir prabangiu kaspin\u0117liu, rasite 16 \u0161okoladini\u0173 saldaini\u0173. I\u0161 viso rinkinyje \u2013 4 r\u016b\u0161i\u0173 saldainiai. D\u0117\u017eut\u0119 puo\u0161ia \u0161ventin\u0117 kortel\u0117 su \u0161iltu palink\u0117jimu \u2013 \u201eSvajoni\u0173 i\u0161sipildymo!\u201c<\/p>\n","protected":false},"excerpt":{"rendered":"<p>Subtilios elegancijos d\u0117\u017eut\u0117je, dekoruotoje aukso spalvos elementais ir prabangiu kaspin\u0117liu, rasite 16 \u0161okoladini\u0173 saldaini\u0173. I\u0161 viso rinkinyje \u2013 4 r\u016b\u0161i\u0173 saldainiai. D\u0117\u017eut\u0119 puo\u0161ia \u0161ventin\u0117 kortel\u0117 su \u0161iltu palink\u0117jimu \u2013 \u201eSvajoni\u0173 i\u0161sipildymo!\u201c<\/p>\n","protected":false},"featured_media":4128,"template":"","meta":{"_et_pb_use_builder":"","_et_pb_old_content":"","_et_gb_content_width":""},"product_brand":[],"product_cat":[56],"product_tag":[],"class_list":{"0":"post-4127","1":"product","2":"type-product","3":"status-publish","4":"has-post-thumbnail","6":"product_cat-kitos-prekes","8":"first","9":"outofstock","10":"taxable","11":"shipping-taxable","12":"purchasable","13":"product-type-simple"},"yoast_head":"<!-- This site is optimized with the Yoast SEO plugin v27.4 - https:\/\/yoast.com\/product\/yoast-seo-wordpress\/ -->\n<title>\u0160okoladini\u0173 saldaini\u0173 rinkinys \u201eSkoni\u0173 legendos nuo 1913\u201c - mixflora.lt<\/title>\n<meta name=\"robots\" content=\"index, follow, max-snippet:-1, max-image-preview:large, max-video-preview:-1\" \/>\n<link rel=\"canonical\" href=\"https:\/\/mixflora.lt\/produktas\/sokoladiniu-saldainiu-rinkinys-skoniu-legendos-nuo-1913\/\" \/>\n<meta property=\"og:locale\" content=\"en_US\" \/>\n<meta property=\"og:type\" content=\"article\" \/>\n<meta property=\"og:title\" content=\"\u0160okoladini\u0173 saldaini\u0173 rinkinys \u201eSkoni\u0173 legendos nuo 1913\u201c - mixflora.lt\" \/>\n<meta property=\"og:description\" content=\"Subtilios elegancijos d\u0117\u017eut\u0117je, dekoruotoje aukso spalvos elementais ir prabangiu kaspin\u0117liu, rasite 16 \u0161okoladini\u0173 saldaini\u0173. I\u0161 viso rinkinyje \u2013 4 r\u016b\u0161i\u0173 saldainiai. D\u0117\u017eut\u0119 puo\u0161ia \u0161ventin\u0117 kortel\u0117 su \u0161iltu palink\u0117jimu \u2013 \u201eSvajoni\u0173 i\u0161sipildymo!\u201c\" \/>\n<meta property=\"og:url\" content=\"https:\/\/mixflora.lt\/produktas\/sokoladiniu-saldainiu-rinkinys-skoniu-legendos-nuo-1913\/\" \/>\n<meta property=\"og:site_name\" content=\"mixflora.lt\" \/>\n<meta property=\"article:modified_time\" content=\"2025-12-23T11:59:05+00:00\" \/>\n<meta property=\"og:image\" content=\"https:\/\/mixflora.lt\/wp-content\/uploads\/7f0cd30a-06bd-4236-826d-7bc4cd283d5a-510x510-1.jpg\" \/>\n\t<meta property=\"og:image:width\" content=\"510\" \/>\n\t<meta property=\"og:image:height\" content=\"510\" \/>\n\t<meta property=\"og:image:type\" content=\"image\/jpeg\" \/>\n<meta name=\"twitter:card\" content=\"summary_large_image\" \/>\n<meta name=\"twitter:label1\" content=\"Est. reading time\" \/>\n\t<meta name=\"twitter:data1\" content=\"1 minute\" \/>\n<script type=\"application\/ld+json\" class=\"yoast-schema-graph\">{\"@context\":\"https:\\\/\\\/schema.org\",\"@graph\":[{\"@type\":\"WebPage\",\"@id\":\"https:\\\/\\\/mixflora.lt\\\/produktas\\\/sokoladiniu-saldainiu-rinkinys-skoniu-legendos-nuo-1913\\\/\",\"url\":\"https:\\\/\\\/mixflora.lt\\\/produktas\\\/sokoladiniu-saldainiu-rinkinys-skoniu-legendos-nuo-1913\\\/\",\"name\":\"\u0160okoladini\u0173 saldaini\u0173 rinkinys \u201eSkoni\u0173 legendos nuo 1913\u201c - mixflora.lt\",\"isPartOf\":{\"@id\":\"https:\\\/\\\/mixflora.lt\\\/#website\"},\"primaryImageOfPage\":{\"@id\":\"https:\\\/\\\/mixflora.lt\\\/produktas\\\/sokoladiniu-saldainiu-rinkinys-skoniu-legendos-nuo-1913\\\/#primaryimage\"},\"image\":{\"@id\":\"https:\\\/\\\/mixflora.lt\\\/produktas\\\/sokoladiniu-saldainiu-rinkinys-skoniu-legendos-nuo-1913\\\/#primaryimage\"},\"thumbnailUrl\":\"https:\\\/\\\/mixflora.lt\\\/wp-content\\\/uploads\\\/7f0cd30a-06bd-4236-826d-7bc4cd283d5a-510x510-1.jpg\",\"datePublished\":\"2025-11-18T15:28:38+00:00\",\"dateModified\":\"2025-12-23T11:59:05+00:00\",\"breadcrumb\":{\"@id\":\"https:\\\/\\\/mixflora.lt\\\/produktas\\\/sokoladiniu-saldainiu-rinkinys-skoniu-legendos-nuo-1913\\\/#breadcrumb\"},\"inLanguage\":\"en-US\",\"potentialAction\":[{\"@type\":\"ReadAction\",\"target\":[\"https:\\\/\\\/mixflora.lt\\\/produktas\\\/sokoladiniu-saldainiu-rinkinys-skoniu-legendos-nuo-1913\\\/\"]}]},{\"@type\":\"ImageObject\",\"inLanguage\":\"en-US\",\"@id\":\"https:\\\/\\\/mixflora.lt\\\/produktas\\\/sokoladiniu-saldainiu-rinkinys-skoniu-legendos-nuo-1913\\\/#primaryimage\",\"url\":\"https:\\\/\\\/mixflora.lt\\\/wp-content\\\/uploads\\\/7f0cd30a-06bd-4236-826d-7bc4cd283d5a-510x510-1.jpg\",\"contentUrl\":\"https:\\\/\\\/mixflora.lt\\\/wp-content\\\/uploads\\\/7f0cd30a-06bd-4236-826d-7bc4cd283d5a-510x510-1.jpg\",\"width\":510,\"height\":510},{\"@type\":\"BreadcrumbList\",\"@id\":\"https:\\\/\\\/mixflora.lt\\\/produktas\\\/sokoladiniu-saldainiu-rinkinys-skoniu-legendos-nuo-1913\\\/#breadcrumb\",\"itemListElement\":[{\"@type\":\"ListItem\",\"position\":1,\"name\":\"Home\",\"item\":\"https:\\\/\\\/mixflora.lt\\\/\"},{\"@type\":\"ListItem\",\"position\":2,\"name\":\"Parduotuv\u0117\",\"item\":\"https:\\\/\\\/mixflora.lt\\\/parduotuve\\\/\"},{\"@type\":\"ListItem\",\"position\":3,\"name\":\"\u0160okoladini\u0173 saldaini\u0173 rinkinys \u201eSkoni\u0173 legendos nuo 1913\u201c\"}]},{\"@type\":\"WebSite\",\"@id\":\"https:\\\/\\\/mixflora.lt\\\/#website\",\"url\":\"https:\\\/\\\/mixflora.lt\\\/\",\"name\":\"mixflora.lt\",\"description\":\"Mix Flora\",\"potentialAction\":[{\"@type\":\"SearchAction\",\"target\":{\"@type\":\"EntryPoint\",\"urlTemplate\":\"https:\\\/\\\/mixflora.lt\\\/?s={search_term_string}\"},\"query-input\":{\"@type\":\"PropertyValueSpecification\",\"valueRequired\":true,\"valueName\":\"search_term_string\"}}],\"inLanguage\":\"en-US\"}]}<\/script>\n<!-- \/ Yoast SEO plugin. -->","yoast_head_json":{"title":"\u0160okoladini\u0173 saldaini\u0173 rinkinys \u201eSkoni\u0173 legendos nuo 1913\u201c - mixflora.lt","robots":{"index":"index","follow":"follow","max-snippet":"max-snippet:-1","max-image-preview":"max-image-preview:large","max-video-preview":"max-video-preview:-1"},"canonical":"https:\/\/mixflora.lt\/produktas\/sokoladiniu-saldainiu-rinkinys-skoniu-legendos-nuo-1913\/","og_locale":"en_US","og_type":"article","og_title":"\u0160okoladini\u0173 saldaini\u0173 rinkinys \u201eSkoni\u0173 legendos nuo 1913\u201c - mixflora.lt","og_description":"Subtilios elegancijos d\u0117\u017eut\u0117je, dekoruotoje aukso spalvos elementais ir prabangiu kaspin\u0117liu, rasite 16 \u0161okoladini\u0173 saldaini\u0173. I\u0161 viso rinkinyje \u2013 4 r\u016b\u0161i\u0173 saldainiai. D\u0117\u017eut\u0119 puo\u0161ia \u0161ventin\u0117 kortel\u0117 su \u0161iltu palink\u0117jimu \u2013 \u201eSvajoni\u0173 i\u0161sipildymo!\u201c","og_url":"https:\/\/mixflora.lt\/produktas\/sokoladiniu-saldainiu-rinkinys-skoniu-legendos-nuo-1913\/","og_site_name":"mixflora.lt","article_modified_time":"2025-12-23T11:59:05+00:00","og_image":[{"width":510,"height":510,"url":"https:\/\/mixflora.lt\/wp-content\/uploads\/7f0cd30a-06bd-4236-826d-7bc4cd283d5a-510x510-1.jpg","type":"image\/jpeg"}],"twitter_card":"summary_large_image","twitter_misc":{"Est. reading time":"1 minute"},"schema":{"@context":"https:\/\/schema.org","@graph":[{"@type":"WebPage","@id":"https:\/\/mixflora.lt\/produktas\/sokoladiniu-saldainiu-rinkinys-skoniu-legendos-nuo-1913\/","url":"https:\/\/mixflora.lt\/produktas\/sokoladiniu-saldainiu-rinkinys-skoniu-legendos-nuo-1913\/","name":"\u0160okoladini\u0173 saldaini\u0173 rinkinys \u201eSkoni\u0173 legendos nuo 1913\u201c - mixflora.lt","isPartOf":{"@id":"https:\/\/mixflora.lt\/#website"},"primaryImageOfPage":{"@id":"https:\/\/mixflora.lt\/produktas\/sokoladiniu-saldainiu-rinkinys-skoniu-legendos-nuo-1913\/#primaryimage"},"image":{"@id":"https:\/\/mixflora.lt\/produktas\/sokoladiniu-saldainiu-rinkinys-skoniu-legendos-nuo-1913\/#primaryimage"},"thumbnailUrl":"https:\/\/mixflora.lt\/wp-content\/uploads\/7f0cd30a-06bd-4236-826d-7bc4cd283d5a-510x510-1.jpg","datePublished":"2025-11-18T15:28:38+00:00","dateModified":"2025-12-23T11:59:05+00:00","breadcrumb":{"@id":"https:\/\/mixflora.lt\/produktas\/sokoladiniu-saldainiu-rinkinys-skoniu-legendos-nuo-1913\/#breadcrumb"},"inLanguage":"en-US","potentialAction":[{"@type":"ReadAction","target":["https:\/\/mixflora.lt\/produktas\/sokoladiniu-saldainiu-rinkinys-skoniu-legendos-nuo-1913\/"]}]},{"@type":"ImageObject","inLanguage":"en-US","@id":"https:\/\/mixflora.lt\/produktas\/sokoladiniu-saldainiu-rinkinys-skoniu-legendos-nuo-1913\/#primaryimage","url":"https:\/\/mixflora.lt\/wp-content\/uploads\/7f0cd30a-06bd-4236-826d-7bc4cd283d5a-510x510-1.jpg","contentUrl":"https:\/\/mixflora.lt\/wp-content\/uploads\/7f0cd30a-06bd-4236-826d-7bc4cd283d5a-510x510-1.jpg","width":510,"height":510},{"@type":"BreadcrumbList","@id":"https:\/\/mixflora.lt\/produktas\/sokoladiniu-saldainiu-rinkinys-skoniu-legendos-nuo-1913\/#breadcrumb","itemListElement":[{"@type":"ListItem","position":1,"name":"Home","item":"https:\/\/mixflora.lt\/"},{"@type":"ListItem","position":2,"name":"Parduotuv\u0117","item":"https:\/\/mixflora.lt\/parduotuve\/"},{"@type":"ListItem","position":3,"name":"\u0160okoladini\u0173 saldaini\u0173 rinkinys \u201eSkoni\u0173 legendos nuo 1913\u201c"}]},{"@type":"WebSite","@id":"https:\/\/mixflora.lt\/#website","url":"https:\/\/mixflora.lt\/","name":"mixflora.lt","description":"Mix Flora","potentialAction":[{"@type":"SearchAction","target":{"@type":"EntryPoint","urlTemplate":"https:\/\/mixflora.lt\/?s={search_term_string}"},"query-input":{"@type":"PropertyValueSpecification","valueRequired":true,"valueName":"search_term_string"}}],"inLanguage":"en-US"}]}},"_links":{"self":[{"href":"https:\/\/mixflora.lt\/en\/wp-json\/wp\/v2\/product\/4127","targetHints":{"allow":["GET"]}}],"collection":[{"href":"https:\/\/mixflora.lt\/en\/wp-json\/wp\/v2\/product"}],"about":[{"href":"https:\/\/mixflora.lt\/en\/wp-json\/wp\/v2\/types\/product"}],"wp:featuredmedia":[{"embeddable":true,"href":"https:\/\/mixflora.lt\/en\/wp-json\/wp\/v2\/media\/4128"}],"wp:attachment":[{"href":"https:\/\/mixflora.lt\/en\/wp-json\/wp\/v2\/media?parent=4127"}],"wp:term":[{"taxonomy":"product_brand","embeddable":true,"href":"https:\/\/mixflora.lt\/en\/wp-json\/wp\/v2\/product_brand?post=4127"},{"taxonomy":"product_cat","embeddable":true,"href":"https:\/\/mixflora.lt\/en\/wp-json\/wp\/v2\/product_cat?post=4127"},{"taxonomy":"product_tag","embeddable":true,"href":"https:\/\/mixflora.lt\/en\/wp-json\/wp\/v2\/product_tag?post=4127"}],"curies":[{"name":"wp","href":"https:\/\/api.w.org\/{rel}","templated":true}]}}