{"id":3756,"date":"2025-03-27T15:30:36","date_gmt":"2025-03-27T13:30:36","guid":{"rendered":"https:\/\/mixflora.lt\/?post_type=product&#038;p=3756"},"modified":"2025-03-27T16:00:04","modified_gmt":"2025-03-27T14:00:04","slug":"gipsofilijos-dezute","status":"publish","type":"product","link":"https:\/\/mixflora.lt\/en\/produktas\/gipsofilijos-dezute\/","title":{"rendered":"Gipsofilijos d\u0117\u017eut\u0117"},"content":{"rendered":"<p>Spalvinga ir nuotaikinga kompozicija d\u0117\u017eut\u0117je<\/p>\n","protected":false},"excerpt":{"rendered":"<p>Spalvinga, nuotaikinga kompozicija d\u0117\u017eut\u0117je tinka sveikinti gimtadieniui, krik\u0161tynoms, mergvakariui ar bet kuriai kitai progai .Galite rinktis i\u0161 keli\u0173 d\u0117\u017eut\u0117s dyd\u017ei\u0173. Mes visada stengiam\u0117s, kad u\u017esakyta kompozicija b\u016bt\u0173 identi\u0161ka parodytai nuotraukoje, ta\u010diau gali b\u016bti ne\u017eymi\u0173 skirtum\u0173. Spalvingumas, formos ir vert\u0117 bus i\u0161saugoti.<\/p>\n","protected":false},"featured_media":3757,"template":"","meta":{"_et_pb_use_builder":"","_et_pb_old_content":"","_et_gb_content_width":""},"product_brand":[],"product_cat":[42],"product_tag":[],"class_list":{"0":"post-3756","1":"product","2":"type-product","3":"status-publish","4":"has-post-thumbnail","6":"product_cat-geliu-dezutes","8":"first","9":"instock","10":"taxable","11":"shipping-taxable","12":"purchasable","13":"product-type-variable"},"yoast_head":"<!-- This site is optimized with the Yoast SEO plugin v27.4 - https:\/\/yoast.com\/product\/yoast-seo-wordpress\/ -->\n<title>Gipsofilijos d\u0117\u017eut\u0117 - mixflora.lt<\/title>\n<meta name=\"robots\" content=\"index, follow, max-snippet:-1, max-image-preview:large, max-video-preview:-1\" \/>\n<link rel=\"canonical\" href=\"https:\/\/mixflora.lt\/produktas\/gipsofilijos-dezute\/\" \/>\n<meta property=\"og:locale\" content=\"en_US\" \/>\n<meta property=\"og:type\" content=\"article\" \/>\n<meta property=\"og:title\" content=\"Gipsofilijos d\u0117\u017eut\u0117 - mixflora.lt\" \/>\n<meta property=\"og:description\" content=\"Spalvinga, nuotaikinga kompozicija d\u0117\u017eut\u0117je tinka sveikinti gimtadieniui, krik\u0161tynoms, mergvakariui ar bet kuriai kitai progai .Galite rinktis i\u0161 keli\u0173 d\u0117\u017eut\u0117s dyd\u017ei\u0173. Mes visada stengiam\u0117s, kad u\u017esakyta kompozicija b\u016bt\u0173 identi\u0161ka parodytai nuotraukoje, ta\u010diau gali b\u016bti ne\u017eymi\u0173 skirtum\u0173. Spalvingumas, formos ir vert\u0117 bus i\u0161saugoti.\" \/>\n<meta property=\"og:url\" content=\"https:\/\/mixflora.lt\/produktas\/gipsofilijos-dezute\/\" \/>\n<meta property=\"og:site_name\" content=\"mixflora.lt\" \/>\n<meta property=\"article:modified_time\" content=\"2025-03-27T14:00:04+00:00\" \/>\n<meta property=\"og:image\" content=\"https:\/\/mixflora.lt\/wp-content\/uploads\/gip.jpg\" \/>\n\t<meta property=\"og:image:width\" content=\"736\" \/>\n\t<meta property=\"og:image:height\" content=\"762\" \/>\n\t<meta property=\"og:image:type\" content=\"image\/jpeg\" \/>\n<meta name=\"twitter:card\" content=\"summary_large_image\" \/>\n<meta name=\"twitter:label1\" content=\"Est. reading time\" \/>\n\t<meta name=\"twitter:data1\" content=\"1 minute\" \/>\n<script type=\"application\/ld+json\" class=\"yoast-schema-graph\">{\"@context\":\"https:\\\/\\\/schema.org\",\"@graph\":[{\"@type\":\"WebPage\",\"@id\":\"https:\\\/\\\/mixflora.lt\\\/produktas\\\/gipsofilijos-dezute\\\/\",\"url\":\"https:\\\/\\\/mixflora.lt\\\/produktas\\\/gipsofilijos-dezute\\\/\",\"name\":\"Gipsofilijos d\u0117\u017eut\u0117 - mixflora.lt\",\"isPartOf\":{\"@id\":\"https:\\\/\\\/mixflora.lt\\\/#website\"},\"primaryImageOfPage\":{\"@id\":\"https:\\\/\\\/mixflora.lt\\\/produktas\\\/gipsofilijos-dezute\\\/#primaryimage\"},\"image\":{\"@id\":\"https:\\\/\\\/mixflora.lt\\\/produktas\\\/gipsofilijos-dezute\\\/#primaryimage\"},\"thumbnailUrl\":\"https:\\\/\\\/mixflora.lt\\\/wp-content\\\/uploads\\\/gip.jpg\",\"datePublished\":\"2025-03-27T13:30:36+00:00\",\"dateModified\":\"2025-03-27T14:00:04+00:00\",\"breadcrumb\":{\"@id\":\"https:\\\/\\\/mixflora.lt\\\/produktas\\\/gipsofilijos-dezute\\\/#breadcrumb\"},\"inLanguage\":\"en-US\",\"potentialAction\":[{\"@type\":\"ReadAction\",\"target\":[\"https:\\\/\\\/mixflora.lt\\\/produktas\\\/gipsofilijos-dezute\\\/\"]}]},{\"@type\":\"ImageObject\",\"inLanguage\":\"en-US\",\"@id\":\"https:\\\/\\\/mixflora.lt\\\/produktas\\\/gipsofilijos-dezute\\\/#primaryimage\",\"url\":\"https:\\\/\\\/mixflora.lt\\\/wp-content\\\/uploads\\\/gip.jpg\",\"contentUrl\":\"https:\\\/\\\/mixflora.lt\\\/wp-content\\\/uploads\\\/gip.jpg\",\"width\":736,\"height\":762},{\"@type\":\"BreadcrumbList\",\"@id\":\"https:\\\/\\\/mixflora.lt\\\/produktas\\\/gipsofilijos-dezute\\\/#breadcrumb\",\"itemListElement\":[{\"@type\":\"ListItem\",\"position\":1,\"name\":\"Home\",\"item\":\"https:\\\/\\\/mixflora.lt\\\/\"},{\"@type\":\"ListItem\",\"position\":2,\"name\":\"Parduotuv\u0117\",\"item\":\"https:\\\/\\\/mixflora.lt\\\/parduotuve\\\/\"},{\"@type\":\"ListItem\",\"position\":3,\"name\":\"Gipsofilijos d\u0117\u017eut\u0117\"}]},{\"@type\":\"WebSite\",\"@id\":\"https:\\\/\\\/mixflora.lt\\\/#website\",\"url\":\"https:\\\/\\\/mixflora.lt\\\/\",\"name\":\"mixflora.lt\",\"description\":\"Mix Flora\",\"potentialAction\":[{\"@type\":\"SearchAction\",\"target\":{\"@type\":\"EntryPoint\",\"urlTemplate\":\"https:\\\/\\\/mixflora.lt\\\/?s={search_term_string}\"},\"query-input\":{\"@type\":\"PropertyValueSpecification\",\"valueRequired\":true,\"valueName\":\"search_term_string\"}}],\"inLanguage\":\"en-US\"}]}<\/script>\n<!-- \/ Yoast SEO plugin. -->","yoast_head_json":{"title":"Gipsofilijos d\u0117\u017eut\u0117 - mixflora.lt","robots":{"index":"index","follow":"follow","max-snippet":"max-snippet:-1","max-image-preview":"max-image-preview:large","max-video-preview":"max-video-preview:-1"},"canonical":"https:\/\/mixflora.lt\/produktas\/gipsofilijos-dezute\/","og_locale":"en_US","og_type":"article","og_title":"Gipsofilijos d\u0117\u017eut\u0117 - mixflora.lt","og_description":"Spalvinga, nuotaikinga kompozicija d\u0117\u017eut\u0117je tinka sveikinti gimtadieniui, krik\u0161tynoms, mergvakariui ar bet kuriai kitai progai .Galite rinktis i\u0161 keli\u0173 d\u0117\u017eut\u0117s dyd\u017ei\u0173. Mes visada stengiam\u0117s, kad u\u017esakyta kompozicija b\u016bt\u0173 identi\u0161ka parodytai nuotraukoje, ta\u010diau gali b\u016bti ne\u017eymi\u0173 skirtum\u0173. Spalvingumas, formos ir vert\u0117 bus i\u0161saugoti.","og_url":"https:\/\/mixflora.lt\/produktas\/gipsofilijos-dezute\/","og_site_name":"mixflora.lt","article_modified_time":"2025-03-27T14:00:04+00:00","og_image":[{"width":736,"height":762,"url":"https:\/\/mixflora.lt\/wp-content\/uploads\/gip.jpg","type":"image\/jpeg"}],"twitter_card":"summary_large_image","twitter_misc":{"Est. reading time":"1 minute"},"schema":{"@context":"https:\/\/schema.org","@graph":[{"@type":"WebPage","@id":"https:\/\/mixflora.lt\/produktas\/gipsofilijos-dezute\/","url":"https:\/\/mixflora.lt\/produktas\/gipsofilijos-dezute\/","name":"Gipsofilijos d\u0117\u017eut\u0117 - mixflora.lt","isPartOf":{"@id":"https:\/\/mixflora.lt\/#website"},"primaryImageOfPage":{"@id":"https:\/\/mixflora.lt\/produktas\/gipsofilijos-dezute\/#primaryimage"},"image":{"@id":"https:\/\/mixflora.lt\/produktas\/gipsofilijos-dezute\/#primaryimage"},"thumbnailUrl":"https:\/\/mixflora.lt\/wp-content\/uploads\/gip.jpg","datePublished":"2025-03-27T13:30:36+00:00","dateModified":"2025-03-27T14:00:04+00:00","breadcrumb":{"@id":"https:\/\/mixflora.lt\/produktas\/gipsofilijos-dezute\/#breadcrumb"},"inLanguage":"en-US","potentialAction":[{"@type":"ReadAction","target":["https:\/\/mixflora.lt\/produktas\/gipsofilijos-dezute\/"]}]},{"@type":"ImageObject","inLanguage":"en-US","@id":"https:\/\/mixflora.lt\/produktas\/gipsofilijos-dezute\/#primaryimage","url":"https:\/\/mixflora.lt\/wp-content\/uploads\/gip.jpg","contentUrl":"https:\/\/mixflora.lt\/wp-content\/uploads\/gip.jpg","width":736,"height":762},{"@type":"BreadcrumbList","@id":"https:\/\/mixflora.lt\/produktas\/gipsofilijos-dezute\/#breadcrumb","itemListElement":[{"@type":"ListItem","position":1,"name":"Home","item":"https:\/\/mixflora.lt\/"},{"@type":"ListItem","position":2,"name":"Parduotuv\u0117","item":"https:\/\/mixflora.lt\/parduotuve\/"},{"@type":"ListItem","position":3,"name":"Gipsofilijos d\u0117\u017eut\u0117"}]},{"@type":"WebSite","@id":"https:\/\/mixflora.lt\/#website","url":"https:\/\/mixflora.lt\/","name":"mixflora.lt","description":"Mix Flora","potentialAction":[{"@type":"SearchAction","target":{"@type":"EntryPoint","urlTemplate":"https:\/\/mixflora.lt\/?s={search_term_string}"},"query-input":{"@type":"PropertyValueSpecification","valueRequired":true,"valueName":"search_term_string"}}],"inLanguage":"en-US"}]}},"_links":{"self":[{"href":"https:\/\/mixflora.lt\/en\/wp-json\/wp\/v2\/product\/3756","targetHints":{"allow":["GET"]}}],"collection":[{"href":"https:\/\/mixflora.lt\/en\/wp-json\/wp\/v2\/product"}],"about":[{"href":"https:\/\/mixflora.lt\/en\/wp-json\/wp\/v2\/types\/product"}],"wp:featuredmedia":[{"embeddable":true,"href":"https:\/\/mixflora.lt\/en\/wp-json\/wp\/v2\/media\/3757"}],"wp:attachment":[{"href":"https:\/\/mixflora.lt\/en\/wp-json\/wp\/v2\/media?parent=3756"}],"wp:term":[{"taxonomy":"product_brand","embeddable":true,"href":"https:\/\/mixflora.lt\/en\/wp-json\/wp\/v2\/product_brand?post=3756"},{"taxonomy":"product_cat","embeddable":true,"href":"https:\/\/mixflora.lt\/en\/wp-json\/wp\/v2\/product_cat?post=3756"},{"taxonomy":"product_tag","embeddable":true,"href":"https:\/\/mixflora.lt\/en\/wp-json\/wp\/v2\/product_tag?post=3756"}],"curies":[{"name":"wp","href":"https:\/\/api.w.org\/{rel}","templated":true}]}}