{"id":3737,"date":"2025-03-21T16:54:26","date_gmt":"2025-03-21T14:54:26","guid":{"rendered":"https:\/\/mixflora.lt\/?post_type=product&#038;p=3737"},"modified":"2025-03-27T15:54:15","modified_gmt":"2025-03-27T13:54:15","slug":"rozines-ir-baltos-spalvu-roziu-dezute","status":"publish","type":"product","link":"https:\/\/mixflora.lt\/en\/produktas\/rozines-ir-baltos-spalvu-roziu-dezute\/","title":{"rendered":"Ro\u017ein\u0117s ir baltos spalv\u0173 ro\u017ei\u0173 d\u0117\u017eut\u0117"},"content":{"rendered":"<p>Ro\u017ein\u0117s ir baltos ro\u017e\u0117s \u2013 puikus pasirinkimas sveikinant moter\u012f. Tuo tarpu ro\u017e\u0117s pateiktos d\u0117\u017eut\u0117je yra ne tik prakti\u0161ka, bet ir stilinga dovana. Spalvingumas gali \u0161iek tiek skirtis, bet formos ir vert\u0117 bus i\u0161saugoti.<\/p>\n","protected":false},"excerpt":{"rendered":"<p>Ro\u017ein\u0117s ir baltos ro\u017e\u0117s \u2013 puikus pasirinkimas sveikinant moter\u012f. Tuo tarpu ro\u017e\u0117s pateiktos d\u0117\u017eut\u0117je yra ne tik prakti\u0161ka, bet ir stilinga dovana. Spalvingumas gali \u0161iek tiek skirtis, bet formos ir vert\u0117 bus i\u0161saugoti.<\/p>\n","protected":false},"featured_media":3731,"template":"","meta":{"_et_pb_use_builder":"","_et_pb_old_content":"","_et_gb_content_width":""},"product_brand":[],"product_cat":[42],"product_tag":[],"class_list":{"0":"post-3737","1":"product","2":"type-product","3":"status-publish","4":"has-post-thumbnail","6":"product_cat-geliu-dezutes","8":"first","9":"instock","10":"taxable","11":"shipping-taxable","12":"purchasable","13":"product-type-variable"},"yoast_head":"<!-- This site is optimized with the Yoast SEO plugin v27.4 - https:\/\/yoast.com\/product\/yoast-seo-wordpress\/ -->\n<title>Ro\u017ein\u0117s ir baltos spalv\u0173 ro\u017ei\u0173 d\u0117\u017eut\u0117 - mixflora.lt<\/title>\n<meta name=\"description\" content=\"Ro\u017ein\u0117s ir baltos ro\u017e\u0117s \u2013 puikus pasirinkimas sveikinant moter\u012f. Tuo tarpu ro\u017e\u0117s pateiktos d\u0117\u017eut\u0117je yra ne tik prakti\u0161ka, bet ir stilinga dovana.\" \/>\n<meta name=\"robots\" content=\"index, follow, max-snippet:-1, max-image-preview:large, max-video-preview:-1\" \/>\n<link rel=\"canonical\" href=\"https:\/\/mixflora.lt\/produktas\/rozines-ir-baltos-spalvu-roziu-dezute\/\" \/>\n<meta property=\"og:locale\" content=\"en_US\" \/>\n<meta property=\"og:type\" content=\"article\" \/>\n<meta property=\"og:title\" content=\"Ro\u017ein\u0117s ir baltos spalv\u0173 ro\u017ei\u0173 d\u0117\u017eut\u0117 - mixflora.lt\" \/>\n<meta property=\"og:description\" content=\"Ro\u017ein\u0117s ir baltos ro\u017e\u0117s \u2013 puikus pasirinkimas sveikinant moter\u012f. Tuo tarpu ro\u017e\u0117s pateiktos d\u0117\u017eut\u0117je yra ne tik prakti\u0161ka, bet ir stilinga dovana.\" \/>\n<meta property=\"og:url\" content=\"https:\/\/mixflora.lt\/produktas\/rozines-ir-baltos-spalvu-roziu-dezute\/\" \/>\n<meta property=\"og:site_name\" content=\"mixflora.lt\" \/>\n<meta property=\"article:modified_time\" content=\"2025-03-27T13:54:15+00:00\" \/>\n<meta property=\"og:image\" content=\"https:\/\/mixflora.lt\/wp-content\/uploads\/IMG_3180-1-scaled.jpg\" \/>\n\t<meta property=\"og:image:width\" content=\"1920\" \/>\n\t<meta property=\"og:image:height\" content=\"2560\" \/>\n\t<meta property=\"og:image:type\" content=\"image\/jpeg\" \/>\n<meta name=\"twitter:card\" content=\"summary_large_image\" \/>\n<meta name=\"twitter:label1\" content=\"Est. reading time\" \/>\n\t<meta name=\"twitter:data1\" content=\"1 minute\" \/>\n<script type=\"application\/ld+json\" class=\"yoast-schema-graph\">{\"@context\":\"https:\\\/\\\/schema.org\",\"@graph\":[{\"@type\":\"WebPage\",\"@id\":\"https:\\\/\\\/mixflora.lt\\\/produktas\\\/rozines-ir-baltos-spalvu-roziu-dezute\\\/\",\"url\":\"https:\\\/\\\/mixflora.lt\\\/produktas\\\/rozines-ir-baltos-spalvu-roziu-dezute\\\/\",\"name\":\"Ro\u017ein\u0117s ir baltos spalv\u0173 ro\u017ei\u0173 d\u0117\u017eut\u0117 - mixflora.lt\",\"isPartOf\":{\"@id\":\"https:\\\/\\\/mixflora.lt\\\/#website\"},\"primaryImageOfPage\":{\"@id\":\"https:\\\/\\\/mixflora.lt\\\/produktas\\\/rozines-ir-baltos-spalvu-roziu-dezute\\\/#primaryimage\"},\"image\":{\"@id\":\"https:\\\/\\\/mixflora.lt\\\/produktas\\\/rozines-ir-baltos-spalvu-roziu-dezute\\\/#primaryimage\"},\"thumbnailUrl\":\"https:\\\/\\\/mixflora.lt\\\/wp-content\\\/uploads\\\/IMG_3180-1-scaled.jpg\",\"datePublished\":\"2025-03-21T14:54:26+00:00\",\"dateModified\":\"2025-03-27T13:54:15+00:00\",\"description\":\"Ro\u017ein\u0117s ir baltos ro\u017e\u0117s \u2013 puikus pasirinkimas sveikinant moter\u012f. Tuo tarpu ro\u017e\u0117s pateiktos d\u0117\u017eut\u0117je yra ne tik prakti\u0161ka, bet ir stilinga dovana.\",\"breadcrumb\":{\"@id\":\"https:\\\/\\\/mixflora.lt\\\/produktas\\\/rozines-ir-baltos-spalvu-roziu-dezute\\\/#breadcrumb\"},\"inLanguage\":\"en-US\",\"potentialAction\":[{\"@type\":\"ReadAction\",\"target\":[\"https:\\\/\\\/mixflora.lt\\\/produktas\\\/rozines-ir-baltos-spalvu-roziu-dezute\\\/\"]}]},{\"@type\":\"ImageObject\",\"inLanguage\":\"en-US\",\"@id\":\"https:\\\/\\\/mixflora.lt\\\/produktas\\\/rozines-ir-baltos-spalvu-roziu-dezute\\\/#primaryimage\",\"url\":\"https:\\\/\\\/mixflora.lt\\\/wp-content\\\/uploads\\\/IMG_3180-1-scaled.jpg\",\"contentUrl\":\"https:\\\/\\\/mixflora.lt\\\/wp-content\\\/uploads\\\/IMG_3180-1-scaled.jpg\",\"width\":1920,\"height\":2560},{\"@type\":\"BreadcrumbList\",\"@id\":\"https:\\\/\\\/mixflora.lt\\\/produktas\\\/rozines-ir-baltos-spalvu-roziu-dezute\\\/#breadcrumb\",\"itemListElement\":[{\"@type\":\"ListItem\",\"position\":1,\"name\":\"Home\",\"item\":\"https:\\\/\\\/mixflora.lt\\\/\"},{\"@type\":\"ListItem\",\"position\":2,\"name\":\"Parduotuv\u0117\",\"item\":\"https:\\\/\\\/mixflora.lt\\\/parduotuve\\\/\"},{\"@type\":\"ListItem\",\"position\":3,\"name\":\"Ro\u017ein\u0117s ir baltos spalv\u0173 ro\u017ei\u0173 d\u0117\u017eut\u0117\"}]},{\"@type\":\"WebSite\",\"@id\":\"https:\\\/\\\/mixflora.lt\\\/#website\",\"url\":\"https:\\\/\\\/mixflora.lt\\\/\",\"name\":\"mixflora.lt\",\"description\":\"Mix Flora\",\"potentialAction\":[{\"@type\":\"SearchAction\",\"target\":{\"@type\":\"EntryPoint\",\"urlTemplate\":\"https:\\\/\\\/mixflora.lt\\\/?s={search_term_string}\"},\"query-input\":{\"@type\":\"PropertyValueSpecification\",\"valueRequired\":true,\"valueName\":\"search_term_string\"}}],\"inLanguage\":\"en-US\"}]}<\/script>\n<!-- \/ Yoast SEO plugin. -->","yoast_head_json":{"title":"Ro\u017ein\u0117s ir baltos spalv\u0173 ro\u017ei\u0173 d\u0117\u017eut\u0117 - mixflora.lt","description":"Ro\u017ein\u0117s ir baltos ro\u017e\u0117s \u2013 puikus pasirinkimas sveikinant moter\u012f. Tuo tarpu ro\u017e\u0117s pateiktos d\u0117\u017eut\u0117je yra ne tik prakti\u0161ka, bet ir stilinga dovana.","robots":{"index":"index","follow":"follow","max-snippet":"max-snippet:-1","max-image-preview":"max-image-preview:large","max-video-preview":"max-video-preview:-1"},"canonical":"https:\/\/mixflora.lt\/produktas\/rozines-ir-baltos-spalvu-roziu-dezute\/","og_locale":"en_US","og_type":"article","og_title":"Ro\u017ein\u0117s ir baltos spalv\u0173 ro\u017ei\u0173 d\u0117\u017eut\u0117 - mixflora.lt","og_description":"Ro\u017ein\u0117s ir baltos ro\u017e\u0117s \u2013 puikus pasirinkimas sveikinant moter\u012f. Tuo tarpu ro\u017e\u0117s pateiktos d\u0117\u017eut\u0117je yra ne tik prakti\u0161ka, bet ir stilinga dovana.","og_url":"https:\/\/mixflora.lt\/produktas\/rozines-ir-baltos-spalvu-roziu-dezute\/","og_site_name":"mixflora.lt","article_modified_time":"2025-03-27T13:54:15+00:00","og_image":[{"width":1920,"height":2560,"url":"https:\/\/mixflora.lt\/wp-content\/uploads\/IMG_3180-1-scaled.jpg","type":"image\/jpeg"}],"twitter_card":"summary_large_image","twitter_misc":{"Est. reading time":"1 minute"},"schema":{"@context":"https:\/\/schema.org","@graph":[{"@type":"WebPage","@id":"https:\/\/mixflora.lt\/produktas\/rozines-ir-baltos-spalvu-roziu-dezute\/","url":"https:\/\/mixflora.lt\/produktas\/rozines-ir-baltos-spalvu-roziu-dezute\/","name":"Ro\u017ein\u0117s ir baltos spalv\u0173 ro\u017ei\u0173 d\u0117\u017eut\u0117 - mixflora.lt","isPartOf":{"@id":"https:\/\/mixflora.lt\/#website"},"primaryImageOfPage":{"@id":"https:\/\/mixflora.lt\/produktas\/rozines-ir-baltos-spalvu-roziu-dezute\/#primaryimage"},"image":{"@id":"https:\/\/mixflora.lt\/produktas\/rozines-ir-baltos-spalvu-roziu-dezute\/#primaryimage"},"thumbnailUrl":"https:\/\/mixflora.lt\/wp-content\/uploads\/IMG_3180-1-scaled.jpg","datePublished":"2025-03-21T14:54:26+00:00","dateModified":"2025-03-27T13:54:15+00:00","description":"Ro\u017ein\u0117s ir baltos ro\u017e\u0117s \u2013 puikus pasirinkimas sveikinant moter\u012f. Tuo tarpu ro\u017e\u0117s pateiktos d\u0117\u017eut\u0117je yra ne tik prakti\u0161ka, bet ir stilinga dovana.","breadcrumb":{"@id":"https:\/\/mixflora.lt\/produktas\/rozines-ir-baltos-spalvu-roziu-dezute\/#breadcrumb"},"inLanguage":"en-US","potentialAction":[{"@type":"ReadAction","target":["https:\/\/mixflora.lt\/produktas\/rozines-ir-baltos-spalvu-roziu-dezute\/"]}]},{"@type":"ImageObject","inLanguage":"en-US","@id":"https:\/\/mixflora.lt\/produktas\/rozines-ir-baltos-spalvu-roziu-dezute\/#primaryimage","url":"https:\/\/mixflora.lt\/wp-content\/uploads\/IMG_3180-1-scaled.jpg","contentUrl":"https:\/\/mixflora.lt\/wp-content\/uploads\/IMG_3180-1-scaled.jpg","width":1920,"height":2560},{"@type":"BreadcrumbList","@id":"https:\/\/mixflora.lt\/produktas\/rozines-ir-baltos-spalvu-roziu-dezute\/#breadcrumb","itemListElement":[{"@type":"ListItem","position":1,"name":"Home","item":"https:\/\/mixflora.lt\/"},{"@type":"ListItem","position":2,"name":"Parduotuv\u0117","item":"https:\/\/mixflora.lt\/parduotuve\/"},{"@type":"ListItem","position":3,"name":"Ro\u017ein\u0117s ir baltos spalv\u0173 ro\u017ei\u0173 d\u0117\u017eut\u0117"}]},{"@type":"WebSite","@id":"https:\/\/mixflora.lt\/#website","url":"https:\/\/mixflora.lt\/","name":"mixflora.lt","description":"Mix Flora","potentialAction":[{"@type":"SearchAction","target":{"@type":"EntryPoint","urlTemplate":"https:\/\/mixflora.lt\/?s={search_term_string}"},"query-input":{"@type":"PropertyValueSpecification","valueRequired":true,"valueName":"search_term_string"}}],"inLanguage":"en-US"}]}},"_links":{"self":[{"href":"https:\/\/mixflora.lt\/en\/wp-json\/wp\/v2\/product\/3737","targetHints":{"allow":["GET"]}}],"collection":[{"href":"https:\/\/mixflora.lt\/en\/wp-json\/wp\/v2\/product"}],"about":[{"href":"https:\/\/mixflora.lt\/en\/wp-json\/wp\/v2\/types\/product"}],"wp:featuredmedia":[{"embeddable":true,"href":"https:\/\/mixflora.lt\/en\/wp-json\/wp\/v2\/media\/3731"}],"wp:attachment":[{"href":"https:\/\/mixflora.lt\/en\/wp-json\/wp\/v2\/media?parent=3737"}],"wp:term":[{"taxonomy":"product_brand","embeddable":true,"href":"https:\/\/mixflora.lt\/en\/wp-json\/wp\/v2\/product_brand?post=3737"},{"taxonomy":"product_cat","embeddable":true,"href":"https:\/\/mixflora.lt\/en\/wp-json\/wp\/v2\/product_cat?post=3737"},{"taxonomy":"product_tag","embeddable":true,"href":"https:\/\/mixflora.lt\/en\/wp-json\/wp\/v2\/product_tag?post=3737"}],"curies":[{"name":"wp","href":"https:\/\/api.w.org\/{rel}","templated":true}]}}