{"id":3451,"date":"2024-06-07T16:35:47","date_gmt":"2024-06-07T13:35:47","guid":{"rendered":"https:\/\/mixflora.lt\/?post_type=product&#038;p=3451"},"modified":"2025-02-04T17:56:06","modified_gmt":"2025-02-04T15:56:06","slug":"geltonu-roziu-dezute","status":"publish","type":"product","link":"https:\/\/mixflora.lt\/en\/produktas\/geltonu-roziu-dezute\/","title":{"rendered":"Geltonu ro\u017ei\u0173 d\u0117\u017eut\u0117"},"content":{"rendered":"<p>G\u0117li\u0173 d\u0117\u017eut\u0117, kuri susideda i\u0161 tradicini\u0173 gelton\u0173 arba oran\u017eini\u0173 ro\u017ei\u0173 ir \u012fvirios \u017ealumos \u2013 puikus pasirinkimas, kai norite pab\u016bti originaliu! Galite rinktis i\u0161 keli\u0173 d\u0117\u017eut\u0117s dyd\u017ei\u0173. Mes visada stengiam\u0117s, kad u\u017esakyta kompozicija b\u016bt\u0173 identi\u0161ka parodytai nuotraukoje, ta\u010diau gali b\u016bti ne\u017eymi\u0173 skirtum\u0173. Spalvingumas, formos ir vert\u0117 bus i\u0161saugoti.<\/p>\n","protected":false},"excerpt":{"rendered":"<p>G\u0117li\u0173 d\u0117\u017eut\u0117, kuri susideda i\u0161 tradicini\u0173 gelton\u0173 arba oran\u017eini\u0173 ro\u017ei\u0173 ir \u012fvirios \u017ealumos \u2013 puikus pasirinkimas, kai norite pab\u016bti originaliu! Galite rinktis i\u0161 keli\u0173 d\u0117\u017eut\u0117s dyd\u017ei\u0173. Mes visada stengiam\u0117s, kad u\u017esakyta kompozicija b\u016bt\u0173 identi\u0161ka parodytai nuotraukoje, ta\u010diau gali b\u016bti ne\u017eymi\u0173 skirtum\u0173. Spalvingumas, formos ir vert\u0117 bus i\u0161saugoti.<\/p>\n","protected":false},"featured_media":3452,"template":"","meta":{"_et_pb_use_builder":"","_et_pb_old_content":"","_et_gb_content_width":""},"product_brand":[],"product_cat":[42],"product_tag":[],"class_list":{"0":"post-3451","1":"product","2":"type-product","3":"status-publish","4":"has-post-thumbnail","6":"product_cat-geliu-dezutes","8":"first","9":"instock","10":"taxable","11":"shipping-taxable","12":"purchasable","13":"product-type-variable"},"yoast_head":"<!-- This site is optimized with the Yoast SEO plugin v27.4 - https:\/\/yoast.com\/product\/yoast-seo-wordpress\/ -->\n<title>Geltonu ro\u017ei\u0173 d\u0117\u017eut\u0117 - mixflora.lt<\/title>\n<meta name=\"description\" content=\"G\u0117li\u0173 d\u0117\u017eut\u0117, kuri susideda i\u0161 tradicini\u0173 gelton\u0173 arba oran\u017eini\u0173 ro\u017ei\u0173 ir \u012fvirios \u017ealumos\" \/>\n<meta name=\"robots\" content=\"index, follow, max-snippet:-1, max-image-preview:large, max-video-preview:-1\" \/>\n<link rel=\"canonical\" href=\"https:\/\/mixflora.lt\/produktas\/geltonu-roziu-dezute\/\" \/>\n<meta property=\"og:locale\" content=\"en_US\" \/>\n<meta property=\"og:type\" content=\"article\" \/>\n<meta property=\"og:title\" content=\"Geltonu ro\u017ei\u0173 d\u0117\u017eut\u0117 - mixflora.lt\" \/>\n<meta property=\"og:description\" content=\"G\u0117li\u0173 d\u0117\u017eut\u0117, kuri susideda i\u0161 tradicini\u0173 gelton\u0173 arba oran\u017eini\u0173 ro\u017ei\u0173 ir \u012fvirios \u017ealumos\" \/>\n<meta property=\"og:url\" content=\"https:\/\/mixflora.lt\/produktas\/geltonu-roziu-dezute\/\" \/>\n<meta property=\"og:site_name\" content=\"mixflora.lt\" \/>\n<meta property=\"article:modified_time\" content=\"2025-02-04T15:56:06+00:00\" \/>\n<meta property=\"og:image\" content=\"https:\/\/mixflora.lt\/wp-content\/uploads\/20240605_151055-scaled.jpg\" \/>\n\t<meta property=\"og:image:width\" content=\"1920\" \/>\n\t<meta property=\"og:image:height\" content=\"2560\" \/>\n\t<meta property=\"og:image:type\" content=\"image\/jpeg\" \/>\n<meta name=\"twitter:card\" content=\"summary_large_image\" \/>\n<meta name=\"twitter:label1\" content=\"Est. reading time\" \/>\n\t<meta name=\"twitter:data1\" content=\"1 minute\" \/>\n<script type=\"application\/ld+json\" class=\"yoast-schema-graph\">{\"@context\":\"https:\\\/\\\/schema.org\",\"@graph\":[{\"@type\":\"WebPage\",\"@id\":\"https:\\\/\\\/mixflora.lt\\\/produktas\\\/geltonu-roziu-dezute\\\/\",\"url\":\"https:\\\/\\\/mixflora.lt\\\/produktas\\\/geltonu-roziu-dezute\\\/\",\"name\":\"Geltonu ro\u017ei\u0173 d\u0117\u017eut\u0117 - mixflora.lt\",\"isPartOf\":{\"@id\":\"https:\\\/\\\/mixflora.lt\\\/#website\"},\"primaryImageOfPage\":{\"@id\":\"https:\\\/\\\/mixflora.lt\\\/produktas\\\/geltonu-roziu-dezute\\\/#primaryimage\"},\"image\":{\"@id\":\"https:\\\/\\\/mixflora.lt\\\/produktas\\\/geltonu-roziu-dezute\\\/#primaryimage\"},\"thumbnailUrl\":\"https:\\\/\\\/mixflora.lt\\\/wp-content\\\/uploads\\\/20240605_151055-scaled.jpg\",\"datePublished\":\"2024-06-07T13:35:47+00:00\",\"dateModified\":\"2025-02-04T15:56:06+00:00\",\"description\":\"G\u0117li\u0173 d\u0117\u017eut\u0117, kuri susideda i\u0161 tradicini\u0173 gelton\u0173 arba oran\u017eini\u0173 ro\u017ei\u0173 ir \u012fvirios \u017ealumos\",\"breadcrumb\":{\"@id\":\"https:\\\/\\\/mixflora.lt\\\/produktas\\\/geltonu-roziu-dezute\\\/#breadcrumb\"},\"inLanguage\":\"en-US\",\"potentialAction\":[{\"@type\":\"ReadAction\",\"target\":[\"https:\\\/\\\/mixflora.lt\\\/produktas\\\/geltonu-roziu-dezute\\\/\"]}]},{\"@type\":\"ImageObject\",\"inLanguage\":\"en-US\",\"@id\":\"https:\\\/\\\/mixflora.lt\\\/produktas\\\/geltonu-roziu-dezute\\\/#primaryimage\",\"url\":\"https:\\\/\\\/mixflora.lt\\\/wp-content\\\/uploads\\\/20240605_151055-scaled.jpg\",\"contentUrl\":\"https:\\\/\\\/mixflora.lt\\\/wp-content\\\/uploads\\\/20240605_151055-scaled.jpg\",\"width\":1920,\"height\":2560},{\"@type\":\"BreadcrumbList\",\"@id\":\"https:\\\/\\\/mixflora.lt\\\/produktas\\\/geltonu-roziu-dezute\\\/#breadcrumb\",\"itemListElement\":[{\"@type\":\"ListItem\",\"position\":1,\"name\":\"Home\",\"item\":\"https:\\\/\\\/mixflora.lt\\\/\"},{\"@type\":\"ListItem\",\"position\":2,\"name\":\"Parduotuv\u0117\",\"item\":\"https:\\\/\\\/mixflora.lt\\\/parduotuve\\\/\"},{\"@type\":\"ListItem\",\"position\":3,\"name\":\"Geltonu ro\u017ei\u0173 d\u0117\u017eut\u0117\"}]},{\"@type\":\"WebSite\",\"@id\":\"https:\\\/\\\/mixflora.lt\\\/#website\",\"url\":\"https:\\\/\\\/mixflora.lt\\\/\",\"name\":\"mixflora.lt\",\"description\":\"Mix Flora\",\"potentialAction\":[{\"@type\":\"SearchAction\",\"target\":{\"@type\":\"EntryPoint\",\"urlTemplate\":\"https:\\\/\\\/mixflora.lt\\\/?s={search_term_string}\"},\"query-input\":{\"@type\":\"PropertyValueSpecification\",\"valueRequired\":true,\"valueName\":\"search_term_string\"}}],\"inLanguage\":\"en-US\"}]}<\/script>\n<!-- \/ Yoast SEO plugin. -->","yoast_head_json":{"title":"Geltonu ro\u017ei\u0173 d\u0117\u017eut\u0117 - mixflora.lt","description":"G\u0117li\u0173 d\u0117\u017eut\u0117, kuri susideda i\u0161 tradicini\u0173 gelton\u0173 arba oran\u017eini\u0173 ro\u017ei\u0173 ir \u012fvirios \u017ealumos","robots":{"index":"index","follow":"follow","max-snippet":"max-snippet:-1","max-image-preview":"max-image-preview:large","max-video-preview":"max-video-preview:-1"},"canonical":"https:\/\/mixflora.lt\/produktas\/geltonu-roziu-dezute\/","og_locale":"en_US","og_type":"article","og_title":"Geltonu ro\u017ei\u0173 d\u0117\u017eut\u0117 - mixflora.lt","og_description":"G\u0117li\u0173 d\u0117\u017eut\u0117, kuri susideda i\u0161 tradicini\u0173 gelton\u0173 arba oran\u017eini\u0173 ro\u017ei\u0173 ir \u012fvirios \u017ealumos","og_url":"https:\/\/mixflora.lt\/produktas\/geltonu-roziu-dezute\/","og_site_name":"mixflora.lt","article_modified_time":"2025-02-04T15:56:06+00:00","og_image":[{"width":1920,"height":2560,"url":"https:\/\/mixflora.lt\/wp-content\/uploads\/20240605_151055-scaled.jpg","type":"image\/jpeg"}],"twitter_card":"summary_large_image","twitter_misc":{"Est. reading time":"1 minute"},"schema":{"@context":"https:\/\/schema.org","@graph":[{"@type":"WebPage","@id":"https:\/\/mixflora.lt\/produktas\/geltonu-roziu-dezute\/","url":"https:\/\/mixflora.lt\/produktas\/geltonu-roziu-dezute\/","name":"Geltonu ro\u017ei\u0173 d\u0117\u017eut\u0117 - mixflora.lt","isPartOf":{"@id":"https:\/\/mixflora.lt\/#website"},"primaryImageOfPage":{"@id":"https:\/\/mixflora.lt\/produktas\/geltonu-roziu-dezute\/#primaryimage"},"image":{"@id":"https:\/\/mixflora.lt\/produktas\/geltonu-roziu-dezute\/#primaryimage"},"thumbnailUrl":"https:\/\/mixflora.lt\/wp-content\/uploads\/20240605_151055-scaled.jpg","datePublished":"2024-06-07T13:35:47+00:00","dateModified":"2025-02-04T15:56:06+00:00","description":"G\u0117li\u0173 d\u0117\u017eut\u0117, kuri susideda i\u0161 tradicini\u0173 gelton\u0173 arba oran\u017eini\u0173 ro\u017ei\u0173 ir \u012fvirios \u017ealumos","breadcrumb":{"@id":"https:\/\/mixflora.lt\/produktas\/geltonu-roziu-dezute\/#breadcrumb"},"inLanguage":"en-US","potentialAction":[{"@type":"ReadAction","target":["https:\/\/mixflora.lt\/produktas\/geltonu-roziu-dezute\/"]}]},{"@type":"ImageObject","inLanguage":"en-US","@id":"https:\/\/mixflora.lt\/produktas\/geltonu-roziu-dezute\/#primaryimage","url":"https:\/\/mixflora.lt\/wp-content\/uploads\/20240605_151055-scaled.jpg","contentUrl":"https:\/\/mixflora.lt\/wp-content\/uploads\/20240605_151055-scaled.jpg","width":1920,"height":2560},{"@type":"BreadcrumbList","@id":"https:\/\/mixflora.lt\/produktas\/geltonu-roziu-dezute\/#breadcrumb","itemListElement":[{"@type":"ListItem","position":1,"name":"Home","item":"https:\/\/mixflora.lt\/"},{"@type":"ListItem","position":2,"name":"Parduotuv\u0117","item":"https:\/\/mixflora.lt\/parduotuve\/"},{"@type":"ListItem","position":3,"name":"Geltonu ro\u017ei\u0173 d\u0117\u017eut\u0117"}]},{"@type":"WebSite","@id":"https:\/\/mixflora.lt\/#website","url":"https:\/\/mixflora.lt\/","name":"mixflora.lt","description":"Mix Flora","potentialAction":[{"@type":"SearchAction","target":{"@type":"EntryPoint","urlTemplate":"https:\/\/mixflora.lt\/?s={search_term_string}"},"query-input":{"@type":"PropertyValueSpecification","valueRequired":true,"valueName":"search_term_string"}}],"inLanguage":"en-US"}]}},"_links":{"self":[{"href":"https:\/\/mixflora.lt\/en\/wp-json\/wp\/v2\/product\/3451","targetHints":{"allow":["GET"]}}],"collection":[{"href":"https:\/\/mixflora.lt\/en\/wp-json\/wp\/v2\/product"}],"about":[{"href":"https:\/\/mixflora.lt\/en\/wp-json\/wp\/v2\/types\/product"}],"wp:featuredmedia":[{"embeddable":true,"href":"https:\/\/mixflora.lt\/en\/wp-json\/wp\/v2\/media\/3452"}],"wp:attachment":[{"href":"https:\/\/mixflora.lt\/en\/wp-json\/wp\/v2\/media?parent=3451"}],"wp:term":[{"taxonomy":"product_brand","embeddable":true,"href":"https:\/\/mixflora.lt\/en\/wp-json\/wp\/v2\/product_brand?post=3451"},{"taxonomy":"product_cat","embeddable":true,"href":"https:\/\/mixflora.lt\/en\/wp-json\/wp\/v2\/product_cat?post=3451"},{"taxonomy":"product_tag","embeddable":true,"href":"https:\/\/mixflora.lt\/en\/wp-json\/wp\/v2\/product_tag?post=3451"}],"curies":[{"name":"wp","href":"https:\/\/api.w.org\/{rel}","templated":true}]}}