{"id":3235,"date":"2024-05-09T18:09:32","date_gmt":"2024-05-09T15:09:32","guid":{"rendered":"https:\/\/mixflora.lt\/?post_type=product&#038;p=3235"},"modified":"2025-12-23T14:04:28","modified_gmt":"2025-12-23T12:04:28","slug":"juodojo-sokolado-50-rinkinys-gamtos-kerai-90-g-2","status":"publish","type":"product","link":"https:\/\/mixflora.lt\/en\/produktas\/juodojo-sokolado-50-rinkinys-gamtos-kerai-90-g-2\/","title":{"rendered":"\u0160okoladini\u0173 saldaini\u0173 rinkinys \u201eS\u0117km\u0117s!\u201c, 90 g"},"content":{"rendered":"<p>Dailioje d\u0117\u017eut\u0117je rasite dviej\u0173 r\u016b\u0161i\u0173 saldainius: pieninio \u0161okolado su pistacij\u0173 \u012fdaru ir juodojo \u0161okolado su anakard\u017ei\u0173 bei kavos \u012fdaru. Kiekvien\u0105 saldain\u012f puo\u0161ia arklio atvaizdas. Puiki dovana pasitikti Arklio metus!<\/p>\n","protected":false},"excerpt":{"rendered":"<p>Dailioje d\u0117\u017eut\u0117je rasite dviej\u0173 r\u016b\u0161i\u0173 saldainius: pieninio \u0161okolado su pistacij\u0173 \u012fdaru ir juodojo \u0161okolado su anakard\u017ei\u0173 bei kavos \u012fdaru. Kiekvien\u0105 saldain\u012f puo\u0161ia arklio atvaizdas. Puiki dovana pasitikti Arklio metus!<\/p>\n","protected":false},"featured_media":4113,"template":"","meta":{"_et_pb_use_builder":"","_et_pb_old_content":"","_et_gb_content_width":""},"product_brand":[],"product_cat":[56],"product_tag":[],"class_list":{"0":"post-3235","1":"product","2":"type-product","3":"status-publish","4":"has-post-thumbnail","6":"product_cat-kitos-prekes","8":"first","9":"outofstock","10":"taxable","11":"shipping-taxable","12":"purchasable","13":"product-type-simple"},"yoast_head":"<!-- This site is optimized with the Yoast SEO plugin v27.4 - https:\/\/yoast.com\/product\/yoast-seo-wordpress\/ -->\n<title>\u0160okoladini\u0173 saldaini\u0173 rinkinys \u201eS\u0117km\u0117s!\u201c, 90 g - mixflora.lt %<\/title>\n<meta name=\"description\" content=\"\u0160okoladini\u0173 saldaini\u0173 rinkinys \u201eS\u0117km\u0117s!\u201c, 90 g\" \/>\n<meta name=\"robots\" content=\"index, follow, max-snippet:-1, max-image-preview:large, max-video-preview:-1\" \/>\n<link rel=\"canonical\" href=\"https:\/\/mixflora.lt\/produktas\/juodojo-sokolado-50-rinkinys-gamtos-kerai-90-g-2\/\" \/>\n<meta property=\"og:locale\" content=\"en_US\" \/>\n<meta property=\"og:type\" content=\"article\" \/>\n<meta property=\"og:title\" content=\"\u0160okoladini\u0173 saldaini\u0173 rinkinys \u201eS\u0117km\u0117s!\u201c, 90 g - mixflora.lt %\" \/>\n<meta property=\"og:description\" content=\"\u0160okoladini\u0173 saldaini\u0173 rinkinys \u201eS\u0117km\u0117s!\u201c, 90 g\" \/>\n<meta property=\"og:url\" content=\"https:\/\/mixflora.lt\/produktas\/juodojo-sokolado-50-rinkinys-gamtos-kerai-90-g-2\/\" \/>\n<meta property=\"og:site_name\" content=\"mixflora.lt\" \/>\n<meta property=\"article:modified_time\" content=\"2025-12-23T12:04:28+00:00\" \/>\n<meta property=\"og:image\" content=\"https:\/\/mixflora.lt\/wp-content\/uploads\/1-5.jpg\" \/>\n\t<meta property=\"og:image:width\" content=\"510\" \/>\n\t<meta property=\"og:image:height\" content=\"510\" \/>\n\t<meta property=\"og:image:type\" content=\"image\/jpeg\" \/>\n<meta name=\"twitter:card\" content=\"summary_large_image\" \/>\n<meta name=\"twitter:label1\" content=\"Est. reading time\" \/>\n\t<meta name=\"twitter:data1\" content=\"1 minute\" \/>\n<script type=\"application\/ld+json\" class=\"yoast-schema-graph\">{\"@context\":\"https:\\\/\\\/schema.org\",\"@graph\":[{\"@type\":\"WebPage\",\"@id\":\"https:\\\/\\\/mixflora.lt\\\/produktas\\\/juodojo-sokolado-50-rinkinys-gamtos-kerai-90-g-2\\\/\",\"url\":\"https:\\\/\\\/mixflora.lt\\\/produktas\\\/juodojo-sokolado-50-rinkinys-gamtos-kerai-90-g-2\\\/\",\"name\":\"\u0160okoladini\u0173 saldaini\u0173 rinkinys \u201eS\u0117km\u0117s!\u201c, 90 g - mixflora.lt %\",\"isPartOf\":{\"@id\":\"https:\\\/\\\/mixflora.lt\\\/#website\"},\"primaryImageOfPage\":{\"@id\":\"https:\\\/\\\/mixflora.lt\\\/produktas\\\/juodojo-sokolado-50-rinkinys-gamtos-kerai-90-g-2\\\/#primaryimage\"},\"image\":{\"@id\":\"https:\\\/\\\/mixflora.lt\\\/produktas\\\/juodojo-sokolado-50-rinkinys-gamtos-kerai-90-g-2\\\/#primaryimage\"},\"thumbnailUrl\":\"https:\\\/\\\/mixflora.lt\\\/wp-content\\\/uploads\\\/1-5.jpg\",\"datePublished\":\"2024-05-09T15:09:32+00:00\",\"dateModified\":\"2025-12-23T12:04:28+00:00\",\"description\":\"\u0160okoladini\u0173 saldaini\u0173 rinkinys \u201eS\u0117km\u0117s!\u201c, 90 g\",\"breadcrumb\":{\"@id\":\"https:\\\/\\\/mixflora.lt\\\/produktas\\\/juodojo-sokolado-50-rinkinys-gamtos-kerai-90-g-2\\\/#breadcrumb\"},\"inLanguage\":\"en-US\",\"potentialAction\":[{\"@type\":\"ReadAction\",\"target\":[\"https:\\\/\\\/mixflora.lt\\\/produktas\\\/juodojo-sokolado-50-rinkinys-gamtos-kerai-90-g-2\\\/\"]}]},{\"@type\":\"ImageObject\",\"inLanguage\":\"en-US\",\"@id\":\"https:\\\/\\\/mixflora.lt\\\/produktas\\\/juodojo-sokolado-50-rinkinys-gamtos-kerai-90-g-2\\\/#primaryimage\",\"url\":\"https:\\\/\\\/mixflora.lt\\\/wp-content\\\/uploads\\\/1-5.jpg\",\"contentUrl\":\"https:\\\/\\\/mixflora.lt\\\/wp-content\\\/uploads\\\/1-5.jpg\",\"width\":510,\"height\":510},{\"@type\":\"BreadcrumbList\",\"@id\":\"https:\\\/\\\/mixflora.lt\\\/produktas\\\/juodojo-sokolado-50-rinkinys-gamtos-kerai-90-g-2\\\/#breadcrumb\",\"itemListElement\":[{\"@type\":\"ListItem\",\"position\":1,\"name\":\"Home\",\"item\":\"https:\\\/\\\/mixflora.lt\\\/\"},{\"@type\":\"ListItem\",\"position\":2,\"name\":\"Parduotuv\u0117\",\"item\":\"https:\\\/\\\/mixflora.lt\\\/parduotuve\\\/\"},{\"@type\":\"ListItem\",\"position\":3,\"name\":\"\u0160okoladini\u0173 saldaini\u0173 rinkinys \u201eS\u0117km\u0117s!\u201c, 90 g\"}]},{\"@type\":\"WebSite\",\"@id\":\"https:\\\/\\\/mixflora.lt\\\/#website\",\"url\":\"https:\\\/\\\/mixflora.lt\\\/\",\"name\":\"mixflora.lt\",\"description\":\"Mix Flora\",\"potentialAction\":[{\"@type\":\"SearchAction\",\"target\":{\"@type\":\"EntryPoint\",\"urlTemplate\":\"https:\\\/\\\/mixflora.lt\\\/?s={search_term_string}\"},\"query-input\":{\"@type\":\"PropertyValueSpecification\",\"valueRequired\":true,\"valueName\":\"search_term_string\"}}],\"inLanguage\":\"en-US\"}]}<\/script>\n<!-- \/ Yoast SEO plugin. -->","yoast_head_json":{"title":"\u0160okoladini\u0173 saldaini\u0173 rinkinys \u201eS\u0117km\u0117s!\u201c, 90 g - mixflora.lt %","description":"\u0160okoladini\u0173 saldaini\u0173 rinkinys \u201eS\u0117km\u0117s!\u201c, 90 g","robots":{"index":"index","follow":"follow","max-snippet":"max-snippet:-1","max-image-preview":"max-image-preview:large","max-video-preview":"max-video-preview:-1"},"canonical":"https:\/\/mixflora.lt\/produktas\/juodojo-sokolado-50-rinkinys-gamtos-kerai-90-g-2\/","og_locale":"en_US","og_type":"article","og_title":"\u0160okoladini\u0173 saldaini\u0173 rinkinys \u201eS\u0117km\u0117s!\u201c, 90 g - mixflora.lt %","og_description":"\u0160okoladini\u0173 saldaini\u0173 rinkinys \u201eS\u0117km\u0117s!\u201c, 90 g","og_url":"https:\/\/mixflora.lt\/produktas\/juodojo-sokolado-50-rinkinys-gamtos-kerai-90-g-2\/","og_site_name":"mixflora.lt","article_modified_time":"2025-12-23T12:04:28+00:00","og_image":[{"width":510,"height":510,"url":"https:\/\/mixflora.lt\/wp-content\/uploads\/1-5.jpg","type":"image\/jpeg"}],"twitter_card":"summary_large_image","twitter_misc":{"Est. reading time":"1 minute"},"schema":{"@context":"https:\/\/schema.org","@graph":[{"@type":"WebPage","@id":"https:\/\/mixflora.lt\/produktas\/juodojo-sokolado-50-rinkinys-gamtos-kerai-90-g-2\/","url":"https:\/\/mixflora.lt\/produktas\/juodojo-sokolado-50-rinkinys-gamtos-kerai-90-g-2\/","name":"\u0160okoladini\u0173 saldaini\u0173 rinkinys \u201eS\u0117km\u0117s!\u201c, 90 g - mixflora.lt %","isPartOf":{"@id":"https:\/\/mixflora.lt\/#website"},"primaryImageOfPage":{"@id":"https:\/\/mixflora.lt\/produktas\/juodojo-sokolado-50-rinkinys-gamtos-kerai-90-g-2\/#primaryimage"},"image":{"@id":"https:\/\/mixflora.lt\/produktas\/juodojo-sokolado-50-rinkinys-gamtos-kerai-90-g-2\/#primaryimage"},"thumbnailUrl":"https:\/\/mixflora.lt\/wp-content\/uploads\/1-5.jpg","datePublished":"2024-05-09T15:09:32+00:00","dateModified":"2025-12-23T12:04:28+00:00","description":"\u0160okoladini\u0173 saldaini\u0173 rinkinys \u201eS\u0117km\u0117s!\u201c, 90 g","breadcrumb":{"@id":"https:\/\/mixflora.lt\/produktas\/juodojo-sokolado-50-rinkinys-gamtos-kerai-90-g-2\/#breadcrumb"},"inLanguage":"en-US","potentialAction":[{"@type":"ReadAction","target":["https:\/\/mixflora.lt\/produktas\/juodojo-sokolado-50-rinkinys-gamtos-kerai-90-g-2\/"]}]},{"@type":"ImageObject","inLanguage":"en-US","@id":"https:\/\/mixflora.lt\/produktas\/juodojo-sokolado-50-rinkinys-gamtos-kerai-90-g-2\/#primaryimage","url":"https:\/\/mixflora.lt\/wp-content\/uploads\/1-5.jpg","contentUrl":"https:\/\/mixflora.lt\/wp-content\/uploads\/1-5.jpg","width":510,"height":510},{"@type":"BreadcrumbList","@id":"https:\/\/mixflora.lt\/produktas\/juodojo-sokolado-50-rinkinys-gamtos-kerai-90-g-2\/#breadcrumb","itemListElement":[{"@type":"ListItem","position":1,"name":"Home","item":"https:\/\/mixflora.lt\/"},{"@type":"ListItem","position":2,"name":"Parduotuv\u0117","item":"https:\/\/mixflora.lt\/parduotuve\/"},{"@type":"ListItem","position":3,"name":"\u0160okoladini\u0173 saldaini\u0173 rinkinys \u201eS\u0117km\u0117s!\u201c, 90 g"}]},{"@type":"WebSite","@id":"https:\/\/mixflora.lt\/#website","url":"https:\/\/mixflora.lt\/","name":"mixflora.lt","description":"Mix Flora","potentialAction":[{"@type":"SearchAction","target":{"@type":"EntryPoint","urlTemplate":"https:\/\/mixflora.lt\/?s={search_term_string}"},"query-input":{"@type":"PropertyValueSpecification","valueRequired":true,"valueName":"search_term_string"}}],"inLanguage":"en-US"}]}},"_links":{"self":[{"href":"https:\/\/mixflora.lt\/en\/wp-json\/wp\/v2\/product\/3235","targetHints":{"allow":["GET"]}}],"collection":[{"href":"https:\/\/mixflora.lt\/en\/wp-json\/wp\/v2\/product"}],"about":[{"href":"https:\/\/mixflora.lt\/en\/wp-json\/wp\/v2\/types\/product"}],"wp:featuredmedia":[{"embeddable":true,"href":"https:\/\/mixflora.lt\/en\/wp-json\/wp\/v2\/media\/4113"}],"wp:attachment":[{"href":"https:\/\/mixflora.lt\/en\/wp-json\/wp\/v2\/media?parent=3235"}],"wp:term":[{"taxonomy":"product_brand","embeddable":true,"href":"https:\/\/mixflora.lt\/en\/wp-json\/wp\/v2\/product_brand?post=3235"},{"taxonomy":"product_cat","embeddable":true,"href":"https:\/\/mixflora.lt\/en\/wp-json\/wp\/v2\/product_cat?post=3235"},{"taxonomy":"product_tag","embeddable":true,"href":"https:\/\/mixflora.lt\/en\/wp-json\/wp\/v2\/product_tag?post=3235"}],"curies":[{"name":"wp","href":"https:\/\/api.w.org\/{rel}","templated":true}]}}