{"id":3217,"date":"2024-05-09T17:14:10","date_gmt":"2024-05-09T14:14:10","guid":{"rendered":"https:\/\/mixflora.lt\/?post_type=product&#038;p=3217"},"modified":"2024-05-10T13:02:08","modified_gmt":"2024-05-10T10:02:08","slug":"juodojo-sokolado-50-rinkinys-linkejimai-90-g","status":"publish","type":"product","link":"https:\/\/mixflora.lt\/en\/produktas\/juodojo-sokolado-50-rinkinys-linkejimai-90-g\/","title":{"rendered":"Pieninis \u0161okoladas su sprogin\u0117jan\u010diu cukrumi ir mangais \u201eBumciai\u201c. NUSI\u0160YPSOK!, 70 g"},"content":{"rendered":"<p>Pieninis \u0161okoladas su sprogin\u0117jan\u010diu cukrumi ir gaiviaisiais mangais \u2013 nepakartojami poj\u016b\u010diai ir atradimas smali\u017eiams. Unikalaus skonio \u0161okoladas, pateiktas smagaus dizaino pakuot\u0117je, kuri\u0105 puo\u0161iantis \u017eaismingas Bumcis kvie\u010dia nusi\u0161ypsoti. O pakuot\u0117s viduje lauks smagi u\u017eduot\u0117l\u0117!<\/p>\n","protected":false},"excerpt":{"rendered":"<p>Pieninis \u0161okoladas su sprogin\u0117jan\u010diu cukrumi ir gaiviaisiais mangais \u2013 nepakartojami poj\u016b\u010diai ir atradimas smali\u017eiams. Unikalaus skonio \u0161okoladas, pateiktas smagaus dizaino pakuot\u0117je, kuri\u0105 puo\u0161iantis \u017eaismingas Bumcis kvie\u010dia nusi\u0161ypsoti. O pakuot\u0117s viduje lauks smagi u\u017eduot\u0117l\u0117!<\/p>\n","protected":false},"featured_media":3218,"template":"","meta":{"_et_pb_use_builder":"","_et_pb_old_content":"","_et_gb_content_width":""},"product_brand":[],"product_cat":[56],"product_tag":[],"class_list":{"0":"post-3217","1":"product","2":"type-product","3":"status-publish","4":"has-post-thumbnail","6":"product_cat-kitos-prekes","8":"first","9":"instock","10":"taxable","11":"shipping-taxable","12":"purchasable","13":"product-type-simple"},"yoast_head":"<!-- This site is optimized with the Yoast SEO plugin v27.4 - https:\/\/yoast.com\/product\/yoast-seo-wordpress\/ -->\n<title>Pieninis \u0161okoladas su sprogin\u0117jan\u010diu cukrumi ir mangais \u201eBumciai\u201c. NUSI\u0160YPSOK!, 70 g - mixflora.lt<\/title>\n<meta name=\"robots\" content=\"index, follow, max-snippet:-1, max-image-preview:large, max-video-preview:-1\" \/>\n<link rel=\"canonical\" href=\"https:\/\/mixflora.lt\/produktas\/juodojo-sokolado-50-rinkinys-linkejimai-90-g\/\" \/>\n<meta property=\"og:locale\" content=\"en_US\" \/>\n<meta property=\"og:type\" content=\"article\" \/>\n<meta property=\"og:title\" content=\"Pieninis \u0161okoladas su sprogin\u0117jan\u010diu cukrumi ir mangais \u201eBumciai\u201c. NUSI\u0160YPSOK!, 70 g - mixflora.lt\" \/>\n<meta property=\"og:description\" content=\"Pieninis \u0161okoladas su sprogin\u0117jan\u010diu cukrumi ir gaiviaisiais mangais \u2013 nepakartojami poj\u016b\u010diai ir atradimas smali\u017eiams. Unikalaus skonio \u0161okoladas, pateiktas smagaus dizaino pakuot\u0117je, kuri\u0105 puo\u0161iantis \u017eaismingas Bumcis kvie\u010dia nusi\u0161ypsoti. O pakuot\u0117s viduje lauks smagi u\u017eduot\u0117l\u0117!\" \/>\n<meta property=\"og:url\" content=\"https:\/\/mixflora.lt\/produktas\/juodojo-sokolado-50-rinkinys-linkejimai-90-g\/\" \/>\n<meta property=\"og:site_name\" content=\"mixflora.lt\" \/>\n<meta property=\"article:modified_time\" content=\"2024-05-10T10:02:08+00:00\" \/>\n<meta property=\"og:image\" content=\"https:\/\/mixflora.lt\/wp-content\/uploads\/17b89b59-0261-44b6-9ca2-30f51c9e090c-510x510-1.jpg\" \/>\n\t<meta property=\"og:image:width\" content=\"510\" \/>\n\t<meta property=\"og:image:height\" content=\"510\" \/>\n\t<meta property=\"og:image:type\" content=\"image\/jpeg\" \/>\n<meta name=\"twitter:card\" content=\"summary_large_image\" \/>\n<meta name=\"twitter:label1\" content=\"Est. reading time\" \/>\n\t<meta name=\"twitter:data1\" content=\"1 minute\" \/>\n<script type=\"application\/ld+json\" class=\"yoast-schema-graph\">{\"@context\":\"https:\\\/\\\/schema.org\",\"@graph\":[{\"@type\":\"WebPage\",\"@id\":\"https:\\\/\\\/mixflora.lt\\\/produktas\\\/juodojo-sokolado-50-rinkinys-linkejimai-90-g\\\/\",\"url\":\"https:\\\/\\\/mixflora.lt\\\/produktas\\\/juodojo-sokolado-50-rinkinys-linkejimai-90-g\\\/\",\"name\":\"Pieninis \u0161okoladas su sprogin\u0117jan\u010diu cukrumi ir mangais \u201eBumciai\u201c. NUSI\u0160YPSOK!, 70 g - mixflora.lt\",\"isPartOf\":{\"@id\":\"https:\\\/\\\/mixflora.lt\\\/#website\"},\"primaryImageOfPage\":{\"@id\":\"https:\\\/\\\/mixflora.lt\\\/produktas\\\/juodojo-sokolado-50-rinkinys-linkejimai-90-g\\\/#primaryimage\"},\"image\":{\"@id\":\"https:\\\/\\\/mixflora.lt\\\/produktas\\\/juodojo-sokolado-50-rinkinys-linkejimai-90-g\\\/#primaryimage\"},\"thumbnailUrl\":\"https:\\\/\\\/mixflora.lt\\\/wp-content\\\/uploads\\\/17b89b59-0261-44b6-9ca2-30f51c9e090c-510x510-1.jpg\",\"datePublished\":\"2024-05-09T14:14:10+00:00\",\"dateModified\":\"2024-05-10T10:02:08+00:00\",\"breadcrumb\":{\"@id\":\"https:\\\/\\\/mixflora.lt\\\/produktas\\\/juodojo-sokolado-50-rinkinys-linkejimai-90-g\\\/#breadcrumb\"},\"inLanguage\":\"en-US\",\"potentialAction\":[{\"@type\":\"ReadAction\",\"target\":[\"https:\\\/\\\/mixflora.lt\\\/produktas\\\/juodojo-sokolado-50-rinkinys-linkejimai-90-g\\\/\"]}]},{\"@type\":\"ImageObject\",\"inLanguage\":\"en-US\",\"@id\":\"https:\\\/\\\/mixflora.lt\\\/produktas\\\/juodojo-sokolado-50-rinkinys-linkejimai-90-g\\\/#primaryimage\",\"url\":\"https:\\\/\\\/mixflora.lt\\\/wp-content\\\/uploads\\\/17b89b59-0261-44b6-9ca2-30f51c9e090c-510x510-1.jpg\",\"contentUrl\":\"https:\\\/\\\/mixflora.lt\\\/wp-content\\\/uploads\\\/17b89b59-0261-44b6-9ca2-30f51c9e090c-510x510-1.jpg\",\"width\":510,\"height\":510},{\"@type\":\"BreadcrumbList\",\"@id\":\"https:\\\/\\\/mixflora.lt\\\/produktas\\\/juodojo-sokolado-50-rinkinys-linkejimai-90-g\\\/#breadcrumb\",\"itemListElement\":[{\"@type\":\"ListItem\",\"position\":1,\"name\":\"Home\",\"item\":\"https:\\\/\\\/mixflora.lt\\\/\"},{\"@type\":\"ListItem\",\"position\":2,\"name\":\"Parduotuv\u0117\",\"item\":\"https:\\\/\\\/mixflora.lt\\\/parduotuve\\\/\"},{\"@type\":\"ListItem\",\"position\":3,\"name\":\"Pieninis \u0161okoladas su sprogin\u0117jan\u010diu cukrumi ir mangais \u201eBumciai\u201c. NUSI\u0160YPSOK!, 70 g\"}]},{\"@type\":\"WebSite\",\"@id\":\"https:\\\/\\\/mixflora.lt\\\/#website\",\"url\":\"https:\\\/\\\/mixflora.lt\\\/\",\"name\":\"mixflora.lt\",\"description\":\"Mix Flora\",\"potentialAction\":[{\"@type\":\"SearchAction\",\"target\":{\"@type\":\"EntryPoint\",\"urlTemplate\":\"https:\\\/\\\/mixflora.lt\\\/?s={search_term_string}\"},\"query-input\":{\"@type\":\"PropertyValueSpecification\",\"valueRequired\":true,\"valueName\":\"search_term_string\"}}],\"inLanguage\":\"en-US\"}]}<\/script>\n<!-- \/ Yoast SEO plugin. -->","yoast_head_json":{"title":"Pieninis \u0161okoladas su sprogin\u0117jan\u010diu cukrumi ir mangais \u201eBumciai\u201c. NUSI\u0160YPSOK!, 70 g - mixflora.lt","robots":{"index":"index","follow":"follow","max-snippet":"max-snippet:-1","max-image-preview":"max-image-preview:large","max-video-preview":"max-video-preview:-1"},"canonical":"https:\/\/mixflora.lt\/produktas\/juodojo-sokolado-50-rinkinys-linkejimai-90-g\/","og_locale":"en_US","og_type":"article","og_title":"Pieninis \u0161okoladas su sprogin\u0117jan\u010diu cukrumi ir mangais \u201eBumciai\u201c. NUSI\u0160YPSOK!, 70 g - mixflora.lt","og_description":"Pieninis \u0161okoladas su sprogin\u0117jan\u010diu cukrumi ir gaiviaisiais mangais \u2013 nepakartojami poj\u016b\u010diai ir atradimas smali\u017eiams. Unikalaus skonio \u0161okoladas, pateiktas smagaus dizaino pakuot\u0117je, kuri\u0105 puo\u0161iantis \u017eaismingas Bumcis kvie\u010dia nusi\u0161ypsoti. O pakuot\u0117s viduje lauks smagi u\u017eduot\u0117l\u0117!","og_url":"https:\/\/mixflora.lt\/produktas\/juodojo-sokolado-50-rinkinys-linkejimai-90-g\/","og_site_name":"mixflora.lt","article_modified_time":"2024-05-10T10:02:08+00:00","og_image":[{"width":510,"height":510,"url":"https:\/\/mixflora.lt\/wp-content\/uploads\/17b89b59-0261-44b6-9ca2-30f51c9e090c-510x510-1.jpg","type":"image\/jpeg"}],"twitter_card":"summary_large_image","twitter_misc":{"Est. reading time":"1 minute"},"schema":{"@context":"https:\/\/schema.org","@graph":[{"@type":"WebPage","@id":"https:\/\/mixflora.lt\/produktas\/juodojo-sokolado-50-rinkinys-linkejimai-90-g\/","url":"https:\/\/mixflora.lt\/produktas\/juodojo-sokolado-50-rinkinys-linkejimai-90-g\/","name":"Pieninis \u0161okoladas su sprogin\u0117jan\u010diu cukrumi ir mangais \u201eBumciai\u201c. NUSI\u0160YPSOK!, 70 g - mixflora.lt","isPartOf":{"@id":"https:\/\/mixflora.lt\/#website"},"primaryImageOfPage":{"@id":"https:\/\/mixflora.lt\/produktas\/juodojo-sokolado-50-rinkinys-linkejimai-90-g\/#primaryimage"},"image":{"@id":"https:\/\/mixflora.lt\/produktas\/juodojo-sokolado-50-rinkinys-linkejimai-90-g\/#primaryimage"},"thumbnailUrl":"https:\/\/mixflora.lt\/wp-content\/uploads\/17b89b59-0261-44b6-9ca2-30f51c9e090c-510x510-1.jpg","datePublished":"2024-05-09T14:14:10+00:00","dateModified":"2024-05-10T10:02:08+00:00","breadcrumb":{"@id":"https:\/\/mixflora.lt\/produktas\/juodojo-sokolado-50-rinkinys-linkejimai-90-g\/#breadcrumb"},"inLanguage":"en-US","potentialAction":[{"@type":"ReadAction","target":["https:\/\/mixflora.lt\/produktas\/juodojo-sokolado-50-rinkinys-linkejimai-90-g\/"]}]},{"@type":"ImageObject","inLanguage":"en-US","@id":"https:\/\/mixflora.lt\/produktas\/juodojo-sokolado-50-rinkinys-linkejimai-90-g\/#primaryimage","url":"https:\/\/mixflora.lt\/wp-content\/uploads\/17b89b59-0261-44b6-9ca2-30f51c9e090c-510x510-1.jpg","contentUrl":"https:\/\/mixflora.lt\/wp-content\/uploads\/17b89b59-0261-44b6-9ca2-30f51c9e090c-510x510-1.jpg","width":510,"height":510},{"@type":"BreadcrumbList","@id":"https:\/\/mixflora.lt\/produktas\/juodojo-sokolado-50-rinkinys-linkejimai-90-g\/#breadcrumb","itemListElement":[{"@type":"ListItem","position":1,"name":"Home","item":"https:\/\/mixflora.lt\/"},{"@type":"ListItem","position":2,"name":"Parduotuv\u0117","item":"https:\/\/mixflora.lt\/parduotuve\/"},{"@type":"ListItem","position":3,"name":"Pieninis \u0161okoladas su sprogin\u0117jan\u010diu cukrumi ir mangais \u201eBumciai\u201c. NUSI\u0160YPSOK!, 70 g"}]},{"@type":"WebSite","@id":"https:\/\/mixflora.lt\/#website","url":"https:\/\/mixflora.lt\/","name":"mixflora.lt","description":"Mix Flora","potentialAction":[{"@type":"SearchAction","target":{"@type":"EntryPoint","urlTemplate":"https:\/\/mixflora.lt\/?s={search_term_string}"},"query-input":{"@type":"PropertyValueSpecification","valueRequired":true,"valueName":"search_term_string"}}],"inLanguage":"en-US"}]}},"_links":{"self":[{"href":"https:\/\/mixflora.lt\/en\/wp-json\/wp\/v2\/product\/3217","targetHints":{"allow":["GET"]}}],"collection":[{"href":"https:\/\/mixflora.lt\/en\/wp-json\/wp\/v2\/product"}],"about":[{"href":"https:\/\/mixflora.lt\/en\/wp-json\/wp\/v2\/types\/product"}],"wp:featuredmedia":[{"embeddable":true,"href":"https:\/\/mixflora.lt\/en\/wp-json\/wp\/v2\/media\/3218"}],"wp:attachment":[{"href":"https:\/\/mixflora.lt\/en\/wp-json\/wp\/v2\/media?parent=3217"}],"wp:term":[{"taxonomy":"product_brand","embeddable":true,"href":"https:\/\/mixflora.lt\/en\/wp-json\/wp\/v2\/product_brand?post=3217"},{"taxonomy":"product_cat","embeddable":true,"href":"https:\/\/mixflora.lt\/en\/wp-json\/wp\/v2\/product_cat?post=3217"},{"taxonomy":"product_tag","embeddable":true,"href":"https:\/\/mixflora.lt\/en\/wp-json\/wp\/v2\/product_tag?post=3217"}],"curies":[{"name":"wp","href":"https:\/\/api.w.org\/{rel}","templated":true}]}}