{"id":2036,"date":"2021-11-29T14:00:51","date_gmt":"2021-11-29T12:00:51","guid":{"rendered":"https:\/\/mixflora.lt\/?post_type=product&#038;p=2036"},"modified":"2025-02-04T16:33:43","modified_gmt":"2025-02-04T14:33:43","slug":"isskirtine-roziu-alstromeriju-puokste-kopija-2","status":"publish","type":"product","link":"https:\/\/mixflora.lt\/en\/produktas\/isskirtine-roziu-alstromeriju-puokste-kopija-2\/","title":{"rendered":"I\u0161skirtin\u0117 ro\u017ei\u0173 ir alstromerij\u0173 puok\u0161t\u0117."},"content":{"rendered":"<p>[et_pb_section fb_built=&#8221;1&#8243; _builder_version=&#8221;4.16&#8243; custom_padding=&#8221;0px||||false|false&#8221; global_colors_info=&#8221;{}&#8221;][et_pb_row _builder_version=&#8221;4.16&#8243; background_size=&#8221;initial&#8221; background_position=&#8221;top_left&#8221; background_repeat=&#8221;repeat&#8221; width=&#8221;100%&#8221; custom_padding=&#8221;0px||0px||false|false&#8221; global_colors_info=&#8221;{}&#8221;][et_pb_column type=&#8221;4_4&#8243; _builder_version=&#8221;4.16&#8243; custom_padding=&#8221;|||&#8221; global_colors_info=&#8221;{}&#8221; custom_padding__hover=&#8221;|||&#8221;][et_pb_wc_breadcrumb _builder_version=&#8221;4.16&#8243; global_colors_info=&#8221;{}&#8221;][\/et_pb_wc_breadcrumb][et_pb_wc_cart_notice admin_label=&#8221;Woo Cart Notice&#8221; _builder_version=&#8221;4.16&#8243; global_colors_info=&#8221;{}&#8221;][\/et_pb_wc_cart_notice][\/et_pb_column][\/et_pb_row][et_pb_row column_structure=&#8221;1_2,1_2&#8243; _builder_version=&#8221;4.16&#8243; background_size=&#8221;initial&#8221; background_position=&#8221;top_left&#8221; background_repeat=&#8221;repeat&#8221; width=&#8221;100%&#8221; custom_padding=&#8221;0px||||false|false&#8221; global_colors_info=&#8221;{}&#8221;][et_pb_column type=&#8221;1_2&#8243; _builder_version=&#8221;4.16&#8243; custom_padding=&#8221;|||&#8221; global_colors_info=&#8221;{}&#8221; custom_padding__hover=&#8221;|||&#8221;][et_pb_wc_images _builder_version=&#8221;4.16&#8243; global_colors_info=&#8221;{}&#8221;][\/et_pb_wc_images][\/et_pb_column][et_pb_column type=&#8221;1_2&#8243; _builder_version=&#8221;4.16&#8243; custom_padding=&#8221;|||&#8221; global_colors_info=&#8221;{}&#8221; custom_padding__hover=&#8221;|||&#8221;][et_pb_wc_title _builder_version=&#8221;4.16&#8243; custom_margin=&#8221;||10px||false|false&#8221; custom_padding=&#8221;||0px||false|false&#8221; global_colors_info=&#8221;{}&#8221;][\/et_pb_wc_title][et_pb_wc_meta show_categories=&#8221;off&#8221; show_tags=&#8221;off&#8221; meta_layout=&#8221;stacked&#8221; _builder_version=&#8221;4.16&#8243; background_enable_color=&#8221;off&#8221; use_background_color_gradient=&#8221;on&#8221; background_color_gradient_direction=&#8221;90deg&#8221; background_color_gradient_stops=&#8221;#f1f3f7 0%|rgba(241,243,247,0) 100%&#8221; background_color_gradient_start=&#8221;#f1f3f7&#8243; background_color_gradient_end=&#8221;rgba(241,243,247,0)&#8221; custom_margin=&#8221;||||false|false&#8221; custom_padding=&#8221;|20px|8px|20px|false|true&#8221; border_width_top=&#8221;1px&#8221; border_color_top=&#8221;#ffffff&#8221; border_width_bottom=&#8221;1px&#8221; border_color_bottom=&#8221;#ffffff&#8221; global_colors_info=&#8221;{}&#8221;][\/et_pb_wc_meta][et_pb_wc_price _builder_version=&#8221;4.16&#8243; global_colors_info=&#8221;{}&#8221;][\/et_pb_wc_price][et_pb_wc_add_to_cart _builder_version=&#8221;4.16&#8243; global_colors_info=&#8221;{}&#8221;][\/et_pb_wc_add_to_cart][et_pb_wc_description _builder_version=&#8221;4.16&#8243; custom_padding=&#8221;20px||||false|false&#8221; border_width_top=&#8221;1px&#8221; border_color_top=&#8221;#e5e5e5&#8243; global_colors_info=&#8221;{}&#8221;][\/et_pb_wc_description][\/et_pb_column][\/et_pb_row][et_pb_row _builder_version=&#8221;4.16&#8243; _module_preset=&#8221;default&#8221; width=&#8221;100%&#8221; global_colors_info=&#8221;{}&#8221;][et_pb_column type=&#8221;4_4&#8243; _builder_version=&#8221;4.16&#8243; _module_preset=&#8221;default&#8221; global_colors_info=&#8221;{}&#8221;][et_pb_text _builder_version=&#8221;4.16&#8243; _module_preset=&#8221;default&#8221; global_colors_info=&#8221;{}&#8221;]<\/p>\n<h3>Papildomos prek\u0117s<\/h3>\n<p>[\/et_pb_text][et_pb_shop type=&#8221;product_category&#8221; posts_number=&#8221;8&#8243; include_categories=&#8221;56&#8243; columns_number=&#8221;4&#8243; _builder_version=&#8221;4.16&#8243; _module_preset=&#8221;default&#8221; global_colors_info=&#8221;{}&#8221;][\/et_pb_shop][\/et_pb_column][\/et_pb_row][\/et_pb_section]<\/p>\n","protected":false},"excerpt":{"rendered":"<p>Neutralios spalvos puok\u0161t\u0117 tinkanti dovanoti vyrui, \u017emonai, mylimam \u017emogui, draugei, \u0161eimos nariui. U\u017esisakykite ir su\u0161ildykite gav\u0117jo \u0161ird\u012f! Mes visada stengiam\u0117s, kad u\u017esakyta kompozicija b\u016bt\u0173 identi\u0161ka parodytai nuotraukoje, ta\u010diau gali ne\u017eymiai skirtis nuo parodytos nuotraukoje. Spalvingumas, formos ir vert\u0117 bus i\u0161saugoti.<\/p>\n","protected":false},"featured_media":2037,"template":"","meta":{"_et_pb_use_builder":"on","_et_pb_old_content":"","_et_gb_content_width":""},"product_brand":[],"product_cat":[38],"product_tag":[],"class_list":{"0":"post-2036","1":"product","2":"type-product","3":"status-publish","4":"has-post-thumbnail","6":"product_cat-puokstes","8":"first","9":"instock","10":"taxable","11":"shipping-taxable","12":"purchasable","13":"product-type-simple"},"yoast_head":"<!-- This site is optimized with the Yoast SEO plugin v27.4 - https:\/\/yoast.com\/product\/yoast-seo-wordpress\/ -->\n<title>I\u0161skirtin\u0117 ro\u017ei\u0173 ir alstromerij\u0173 puok\u0161t\u0117. | G\u0117li\u0173 pristatymas \u0160iauliuose - mixflora.lt I\u0161skirtin\u0117 ro\u017ei\u0173 ir alstromerij\u0173 puok\u0161t\u0117.<\/title>\n<meta name=\"description\" content=\"Originali puok\u0161t\u0117 - dovana, kuri\u0105 norisi dovanoti. Didelis preki\u0173 asortimentas ir greitas pristatymas www.mixflora.lt\" \/>\n<meta name=\"robots\" content=\"index, follow, max-snippet:-1, max-image-preview:large, max-video-preview:-1\" \/>\n<link rel=\"canonical\" href=\"https:\/\/mixflora.lt\/produktas\/isskirtine-roziu-alstromeriju-puokste-kopija-2\/\" \/>\n<meta property=\"og:locale\" content=\"en_US\" \/>\n<meta property=\"og:type\" content=\"article\" \/>\n<meta property=\"og:title\" content=\"I\u0161skirtin\u0117 ro\u017ei\u0173 ir alstromerij\u0173 puok\u0161t\u0117. | G\u0117li\u0173 pristatymas \u0160iauliuose - mixflora.lt I\u0161skirtin\u0117 ro\u017ei\u0173 ir alstromerij\u0173 puok\u0161t\u0117.\" \/>\n<meta property=\"og:description\" content=\"Originali puok\u0161t\u0117 - dovana, kuri\u0105 norisi dovanoti. Didelis preki\u0173 asortimentas ir greitas pristatymas www.mixflora.lt\" \/>\n<meta property=\"og:url\" content=\"https:\/\/mixflora.lt\/produktas\/isskirtine-roziu-alstromeriju-puokste-kopija-2\/\" \/>\n<meta property=\"og:site_name\" content=\"mixflora.lt\" \/>\n<meta property=\"article:modified_time\" content=\"2025-02-04T14:33:43+00:00\" \/>\n<meta property=\"og:image\" content=\"https:\/\/mixflora.lt\/wp-content\/uploads\/108-scaled-e1638187706723.jpg\" \/>\n\t<meta property=\"og:image:width\" content=\"1446\" \/>\n\t<meta property=\"og:image:height\" content=\"2054\" \/>\n\t<meta property=\"og:image:type\" content=\"image\/jpeg\" \/>\n<meta name=\"twitter:card\" content=\"summary_large_image\" \/>\n<meta name=\"twitter:label1\" content=\"Est. reading time\" \/>\n\t<meta name=\"twitter:data1\" content=\"3 minutes\" \/>\n<script type=\"application\/ld+json\" class=\"yoast-schema-graph\">{\"@context\":\"https:\\\/\\\/schema.org\",\"@graph\":[{\"@type\":\"WebPage\",\"@id\":\"https:\\\/\\\/mixflora.lt\\\/produktas\\\/isskirtine-roziu-alstromeriju-puokste-kopija-2\\\/\",\"url\":\"https:\\\/\\\/mixflora.lt\\\/produktas\\\/isskirtine-roziu-alstromeriju-puokste-kopija-2\\\/\",\"name\":\"I\u0161skirtin\u0117 ro\u017ei\u0173 ir alstromerij\u0173 puok\u0161t\u0117. | G\u0117li\u0173 pristatymas \u0160iauliuose - mixflora.lt I\u0161skirtin\u0117 ro\u017ei\u0173 ir alstromerij\u0173 puok\u0161t\u0117.\",\"isPartOf\":{\"@id\":\"https:\\\/\\\/mixflora.lt\\\/#website\"},\"primaryImageOfPage\":{\"@id\":\"https:\\\/\\\/mixflora.lt\\\/produktas\\\/isskirtine-roziu-alstromeriju-puokste-kopija-2\\\/#primaryimage\"},\"image\":{\"@id\":\"https:\\\/\\\/mixflora.lt\\\/produktas\\\/isskirtine-roziu-alstromeriju-puokste-kopija-2\\\/#primaryimage\"},\"thumbnailUrl\":\"https:\\\/\\\/mixflora.lt\\\/wp-content\\\/uploads\\\/108-scaled-e1638187706723.jpg\",\"datePublished\":\"2021-11-29T12:00:51+00:00\",\"dateModified\":\"2025-02-04T14:33:43+00:00\",\"description\":\"Originali puok\u0161t\u0117 - dovana, kuri\u0105 norisi dovanoti. Didelis preki\u0173 asortimentas ir greitas pristatymas www.mixflora.lt\",\"breadcrumb\":{\"@id\":\"https:\\\/\\\/mixflora.lt\\\/produktas\\\/isskirtine-roziu-alstromeriju-puokste-kopija-2\\\/#breadcrumb\"},\"inLanguage\":\"en-US\",\"potentialAction\":[{\"@type\":\"ReadAction\",\"target\":[\"https:\\\/\\\/mixflora.lt\\\/produktas\\\/isskirtine-roziu-alstromeriju-puokste-kopija-2\\\/\"]}]},{\"@type\":\"ImageObject\",\"inLanguage\":\"en-US\",\"@id\":\"https:\\\/\\\/mixflora.lt\\\/produktas\\\/isskirtine-roziu-alstromeriju-puokste-kopija-2\\\/#primaryimage\",\"url\":\"https:\\\/\\\/mixflora.lt\\\/wp-content\\\/uploads\\\/108-scaled-e1638187706723.jpg\",\"contentUrl\":\"https:\\\/\\\/mixflora.lt\\\/wp-content\\\/uploads\\\/108-scaled-e1638187706723.jpg\",\"width\":1446,\"height\":2054},{\"@type\":\"BreadcrumbList\",\"@id\":\"https:\\\/\\\/mixflora.lt\\\/produktas\\\/isskirtine-roziu-alstromeriju-puokste-kopija-2\\\/#breadcrumb\",\"itemListElement\":[{\"@type\":\"ListItem\",\"position\":1,\"name\":\"Home\",\"item\":\"https:\\\/\\\/mixflora.lt\\\/\"},{\"@type\":\"ListItem\",\"position\":2,\"name\":\"Parduotuv\u0117\",\"item\":\"https:\\\/\\\/mixflora.lt\\\/parduotuve\\\/\"},{\"@type\":\"ListItem\",\"position\":3,\"name\":\"I\u0161skirtin\u0117 ro\u017ei\u0173 ir alstromerij\u0173 puok\u0161t\u0117.\"}]},{\"@type\":\"WebSite\",\"@id\":\"https:\\\/\\\/mixflora.lt\\\/#website\",\"url\":\"https:\\\/\\\/mixflora.lt\\\/\",\"name\":\"mixflora.lt\",\"description\":\"Mix Flora\",\"potentialAction\":[{\"@type\":\"SearchAction\",\"target\":{\"@type\":\"EntryPoint\",\"urlTemplate\":\"https:\\\/\\\/mixflora.lt\\\/?s={search_term_string}\"},\"query-input\":{\"@type\":\"PropertyValueSpecification\",\"valueRequired\":true,\"valueName\":\"search_term_string\"}}],\"inLanguage\":\"en-US\"}]}<\/script>\n<!-- \/ Yoast SEO plugin. -->","yoast_head_json":{"title":"I\u0161skirtin\u0117 ro\u017ei\u0173 ir alstromerij\u0173 puok\u0161t\u0117. | G\u0117li\u0173 pristatymas \u0160iauliuose - mixflora.lt I\u0161skirtin\u0117 ro\u017ei\u0173 ir alstromerij\u0173 puok\u0161t\u0117.","description":"Originali puok\u0161t\u0117 - dovana, kuri\u0105 norisi dovanoti. Didelis preki\u0173 asortimentas ir greitas pristatymas www.mixflora.lt","robots":{"index":"index","follow":"follow","max-snippet":"max-snippet:-1","max-image-preview":"max-image-preview:large","max-video-preview":"max-video-preview:-1"},"canonical":"https:\/\/mixflora.lt\/produktas\/isskirtine-roziu-alstromeriju-puokste-kopija-2\/","og_locale":"en_US","og_type":"article","og_title":"I\u0161skirtin\u0117 ro\u017ei\u0173 ir alstromerij\u0173 puok\u0161t\u0117. | G\u0117li\u0173 pristatymas \u0160iauliuose - mixflora.lt I\u0161skirtin\u0117 ro\u017ei\u0173 ir alstromerij\u0173 puok\u0161t\u0117.","og_description":"Originali puok\u0161t\u0117 - dovana, kuri\u0105 norisi dovanoti. Didelis preki\u0173 asortimentas ir greitas pristatymas www.mixflora.lt","og_url":"https:\/\/mixflora.lt\/produktas\/isskirtine-roziu-alstromeriju-puokste-kopija-2\/","og_site_name":"mixflora.lt","article_modified_time":"2025-02-04T14:33:43+00:00","og_image":[{"width":1446,"height":2054,"url":"https:\/\/mixflora.lt\/wp-content\/uploads\/108-scaled-e1638187706723.jpg","type":"image\/jpeg"}],"twitter_card":"summary_large_image","twitter_misc":{"Est. reading time":"3 minutes"},"schema":{"@context":"https:\/\/schema.org","@graph":[{"@type":"WebPage","@id":"https:\/\/mixflora.lt\/produktas\/isskirtine-roziu-alstromeriju-puokste-kopija-2\/","url":"https:\/\/mixflora.lt\/produktas\/isskirtine-roziu-alstromeriju-puokste-kopija-2\/","name":"I\u0161skirtin\u0117 ro\u017ei\u0173 ir alstromerij\u0173 puok\u0161t\u0117. | G\u0117li\u0173 pristatymas \u0160iauliuose - mixflora.lt I\u0161skirtin\u0117 ro\u017ei\u0173 ir alstromerij\u0173 puok\u0161t\u0117.","isPartOf":{"@id":"https:\/\/mixflora.lt\/#website"},"primaryImageOfPage":{"@id":"https:\/\/mixflora.lt\/produktas\/isskirtine-roziu-alstromeriju-puokste-kopija-2\/#primaryimage"},"image":{"@id":"https:\/\/mixflora.lt\/produktas\/isskirtine-roziu-alstromeriju-puokste-kopija-2\/#primaryimage"},"thumbnailUrl":"https:\/\/mixflora.lt\/wp-content\/uploads\/108-scaled-e1638187706723.jpg","datePublished":"2021-11-29T12:00:51+00:00","dateModified":"2025-02-04T14:33:43+00:00","description":"Originali puok\u0161t\u0117 - dovana, kuri\u0105 norisi dovanoti. Didelis preki\u0173 asortimentas ir greitas pristatymas www.mixflora.lt","breadcrumb":{"@id":"https:\/\/mixflora.lt\/produktas\/isskirtine-roziu-alstromeriju-puokste-kopija-2\/#breadcrumb"},"inLanguage":"en-US","potentialAction":[{"@type":"ReadAction","target":["https:\/\/mixflora.lt\/produktas\/isskirtine-roziu-alstromeriju-puokste-kopija-2\/"]}]},{"@type":"ImageObject","inLanguage":"en-US","@id":"https:\/\/mixflora.lt\/produktas\/isskirtine-roziu-alstromeriju-puokste-kopija-2\/#primaryimage","url":"https:\/\/mixflora.lt\/wp-content\/uploads\/108-scaled-e1638187706723.jpg","contentUrl":"https:\/\/mixflora.lt\/wp-content\/uploads\/108-scaled-e1638187706723.jpg","width":1446,"height":2054},{"@type":"BreadcrumbList","@id":"https:\/\/mixflora.lt\/produktas\/isskirtine-roziu-alstromeriju-puokste-kopija-2\/#breadcrumb","itemListElement":[{"@type":"ListItem","position":1,"name":"Home","item":"https:\/\/mixflora.lt\/"},{"@type":"ListItem","position":2,"name":"Parduotuv\u0117","item":"https:\/\/mixflora.lt\/parduotuve\/"},{"@type":"ListItem","position":3,"name":"I\u0161skirtin\u0117 ro\u017ei\u0173 ir alstromerij\u0173 puok\u0161t\u0117."}]},{"@type":"WebSite","@id":"https:\/\/mixflora.lt\/#website","url":"https:\/\/mixflora.lt\/","name":"mixflora.lt","description":"Mix Flora","potentialAction":[{"@type":"SearchAction","target":{"@type":"EntryPoint","urlTemplate":"https:\/\/mixflora.lt\/?s={search_term_string}"},"query-input":{"@type":"PropertyValueSpecification","valueRequired":true,"valueName":"search_term_string"}}],"inLanguage":"en-US"}]}},"_links":{"self":[{"href":"https:\/\/mixflora.lt\/en\/wp-json\/wp\/v2\/product\/2036","targetHints":{"allow":["GET"]}}],"collection":[{"href":"https:\/\/mixflora.lt\/en\/wp-json\/wp\/v2\/product"}],"about":[{"href":"https:\/\/mixflora.lt\/en\/wp-json\/wp\/v2\/types\/product"}],"wp:featuredmedia":[{"embeddable":true,"href":"https:\/\/mixflora.lt\/en\/wp-json\/wp\/v2\/media\/2037"}],"wp:attachment":[{"href":"https:\/\/mixflora.lt\/en\/wp-json\/wp\/v2\/media?parent=2036"}],"wp:term":[{"taxonomy":"product_brand","embeddable":true,"href":"https:\/\/mixflora.lt\/en\/wp-json\/wp\/v2\/product_brand?post=2036"},{"taxonomy":"product_cat","embeddable":true,"href":"https:\/\/mixflora.lt\/en\/wp-json\/wp\/v2\/product_cat?post=2036"},{"taxonomy":"product_tag","embeddable":true,"href":"https:\/\/mixflora.lt\/en\/wp-json\/wp\/v2\/product_tag?post=2036"}],"curies":[{"name":"wp","href":"https:\/\/api.w.org\/{rel}","templated":true}]}}